{"id":9943,"date":"2025-06-25T12:38:39","date_gmt":"2025-06-25T12:38:39","guid":{"rendered":"https:\/\/www.pharmalp.ch\/?post_type=product&#038;p=9943"},"modified":"2026-03-31T06:33:46","modified_gmt":"2026-03-31T06:33:46","slug":"femina-mood","status":"publish","type":"product","link":"https:\/\/www.pharmalp.ch\/de\/produit\/femina-mood\/","title":{"rendered":"FEMINA MOOD"},"content":{"rendered":"<p data-start=\"153\" data-end=\"205\"><strong>D\u00fcnnh\u00e4utig? Stimmung im Auf und Ab? Gestresst? Ersch\u00f6pft?<\/strong><\/p>\n<p>&nbsp;<\/p>\n<p data-start=\"153\" data-end=\"205\"><strong data-start=\"207\" data-end=\"222\">FEMINA MOOD<\/strong>, die nat\u00fcrliche Unterst\u00fctzung f\u00fcr mehr Energie und Gelassenheit \u2013 in jeder Lebensphase!<\/p>\n<ul>\n<li>Eine umfassende und gezielte Antwort auf h\u00e4ufige Beschwerden, insbesondere bei hormonellen Schwankungen (PMS, Wechseljahre)<\/li>\n<li>Von Anwenderinnen best\u00e4tigt: \u00dcber 8 von 10 Frauen sind zufrieden, empfinden das Produkt als wirksam und sch\u00e4tzen seine schnelle Wirkung<\/li>\n<li>Duo Tag &amp; Nacht mit schweizer pflanze, Magnesium sowie den Vitaminen B1 und B6\n<ul>\n<li style=\"list-style-type: none;\">\n<ul>\n<li style=\"list-style-type: none;\">\n<ul>\n<li style=\"list-style-type: none;\"><\/li>\n<\/ul>\n<\/li>\n<\/ul>\n<\/li>\n<\/ul>\n<\/li>\n<li style=\"list-style-type: none;\">\n<ul>\n<li style=\"list-style-type: none;\"><\/li>\n<\/ul>\n<\/li>\n<\/ul>\n<p><br data-start=\"665\" data-end=\"668\" \/><em>*Studie Expansion 2023<\/em><\/p>\n<p data-start=\"693\" data-end=\"943\"><em>\u00b9 Magnesium sowie die Vitamine B1 und B6 tragen zu einer normalen Funktion des Nervensystems und der psychischen Funktionen bei. Magnesium und Vitamin B6 helfen, M\u00fcdigkeit zu verringern. Vitamin B6 tr\u00e4gt zur Regulierung der hormonellen Aktivit\u00e4t bei.<\/em><\/p>\n<p data-start=\"693\" data-end=\"943\">\n","protected":false},"excerpt":{"rendered":"<p>Wenn deine Stimmung Achterbahn f\u00e4hrt!<\/p>\n","protected":false},"featured_media":10047,"comment_status":"open","ping_status":"closed","template":"","meta":{"_acf_changed":false},"product_brand":[],"product_cat":[122],"product_tag":[120,113,121],"class_list":{"0":"post-9943","1":"product","2":"type-product","3":"status-publish","4":"has-post-thumbnail","6":"product_cat-uncategorized-de","7":"product_tag-frauengesundheit","8":"product_tag-muedigkeit-vitalitaet","9":"product_tag-schlaf-stress","11":"first","12":"instock","13":"taxable","14":"shipping-taxable","15":"purchasable","16":"product-type-variable","17":"has-default-attributes"},"acf":[],"_links":{"self":[{"href":"https:\/\/www.pharmalp.ch\/de\/wp-json\/wp\/v2\/product\/9943","targetHints":{"allow":["GET"]}}],"collection":[{"href":"https:\/\/www.pharmalp.ch\/de\/wp-json\/wp\/v2\/product"}],"about":[{"href":"https:\/\/www.pharmalp.ch\/de\/wp-json\/wp\/v2\/types\/product"}],"replies":[{"embeddable":true,"href":"https:\/\/www.pharmalp.ch\/de\/wp-json\/wp\/v2\/comments?post=9943"}],"wp:featuredmedia":[{"embeddable":true,"href":"https:\/\/www.pharmalp.ch\/de\/wp-json\/wp\/v2\/media\/10047"}],"wp:attachment":[{"href":"https:\/\/www.pharmalp.ch\/de\/wp-json\/wp\/v2\/media?parent=9943"}],"wp:term":[{"taxonomy":"product_brand","embeddable":true,"href":"https:\/\/www.pharmalp.ch\/de\/wp-json\/wp\/v2\/product_brand?post=9943"},{"taxonomy":"product_cat","embeddable":true,"href":"https:\/\/www.pharmalp.ch\/de\/wp-json\/wp\/v2\/product_cat?post=9943"},{"taxonomy":"product_tag","embeddable":true,"href":"https:\/\/www.pharmalp.ch\/de\/wp-json\/wp\/v2\/product_tag?post=9943"}],"curies":[{"name":"wp","href":"https:\/\/api.w.org\/{rel}","templated":true}]}}