{"id":2767,"date":"2025-05-15T10:24:25","date_gmt":"2025-05-15T10:24:25","guid":{"rendered":"https:\/\/www.pharmalp.ch\/?post_type=product&#038;p=2767"},"modified":"2026-03-31T06:37:05","modified_gmt":"2026-03-31T06:37:05","slug":"femina-cycles","status":"publish","type":"product","link":"https:\/\/www.pharmalp.ch\/de\/produit\/femina-cycles\/","title":{"rendered":"FEMINA CYCLES"},"content":{"rendered":"<p><strong data-start=\"161\" data-end=\"296\">FEMINA CYCLES<\/strong> ist eine<strong data-start=\"161\" data-end=\"296\"> nat\u00fcrliche, einfache und validierte L\u00f6sung <\/strong>f\u00fcr Frauen, die w\u00e4hrend ihrer Menstruation unter <strong data-start=\"161\" data-end=\"296\">M\u00fcdigkeit leiden<\/strong><\/p>\n<ul>\n<li>1 Tablette t\u00e4glich w\u00e4hrend der Menstruation zur Verringerung von M\u00fcdigkeit<\/li>\n<li>97 % der Anwenderinnen sind mit dem Ergebnis zufrieden*<\/li>\n<li>100 % w\u00fcrden das Produkt weiterempfehlen*<\/li>\n<li>100 % der Anwenderinnen vertragen diese nat\u00fcrliche Eisenquelle sehr gut*<\/li>\n<\/ul>\n<p>&nbsp;<\/p>\n<p><em>*Studie Expansion Consulteam, M\u00e4rz 2025<\/em><\/p>\n","protected":false},"excerpt":{"rendered":"<p>Bist du ersch\u00f6pft w\u00e4hrend deiner Tage? Mach Schluss mit deiner M\u00fcdigkeit \u2013 jeden Zyklus aufs Neue!<\/p>\n","protected":false},"featured_media":9735,"comment_status":"open","ping_status":"closed","template":"","meta":{"_acf_changed":false},"product_brand":[],"product_cat":[122],"product_tag":[120,113],"class_list":{"0":"post-2767","1":"product","2":"type-product","3":"status-publish","4":"has-post-thumbnail","6":"product_cat-uncategorized-de","7":"product_tag-frauengesundheit","8":"product_tag-muedigkeit-vitalitaet","10":"first","11":"instock","12":"taxable","13":"shipping-taxable","14":"purchasable","15":"product-type-variable","16":"has-default-attributes"},"acf":[],"_links":{"self":[{"href":"https:\/\/www.pharmalp.ch\/de\/wp-json\/wp\/v2\/product\/2767","targetHints":{"allow":["GET"]}}],"collection":[{"href":"https:\/\/www.pharmalp.ch\/de\/wp-json\/wp\/v2\/product"}],"about":[{"href":"https:\/\/www.pharmalp.ch\/de\/wp-json\/wp\/v2\/types\/product"}],"replies":[{"embeddable":true,"href":"https:\/\/www.pharmalp.ch\/de\/wp-json\/wp\/v2\/comments?post=2767"}],"wp:featuredmedia":[{"embeddable":true,"href":"https:\/\/www.pharmalp.ch\/de\/wp-json\/wp\/v2\/media\/9735"}],"wp:attachment":[{"href":"https:\/\/www.pharmalp.ch\/de\/wp-json\/wp\/v2\/media?parent=2767"}],"wp:term":[{"taxonomy":"product_brand","embeddable":true,"href":"https:\/\/www.pharmalp.ch\/de\/wp-json\/wp\/v2\/product_brand?post=2767"},{"taxonomy":"product_cat","embeddable":true,"href":"https:\/\/www.pharmalp.ch\/de\/wp-json\/wp\/v2\/product_cat?post=2767"},{"taxonomy":"product_tag","embeddable":true,"href":"https:\/\/www.pharmalp.ch\/de\/wp-json\/wp\/v2\/product_tag?post=2767"}],"curies":[{"name":"wp","href":"https:\/\/api.w.org\/{rel}","templated":true}]}}