{"id":2336,"date":"2025-03-27T17:03:28","date_gmt":"2025-03-27T17:03:28","guid":{"rendered":"https:\/\/www.pharmalp.ch\/produit\/pastilles-des-alpes-immunity\/"},"modified":"2026-01-20T15:46:36","modified_gmt":"2026-01-20T15:46:36","slug":"pastilles-des-alpes-immunity","status":"publish","type":"product","link":"https:\/\/www.pharmalp.ch\/de\/produit\/pastilles-des-alpes-immunity\/","title":{"rendered":"PASTILLES DES ALPES IMMUNITY"},"content":{"rendered":"<p><strong>Die nat\u00fcrliche Unterst\u00fctzung f\u00fcr Hals und Immunsystem*<\/strong><\/p>\n<p class=\"\" data-start=\"157\" data-end=\"285\">Sanfte Lutschpastillen f\u00fcr den Hals \u2013 mit sorgf\u00e4ltig ausgew\u00e4hlten Wirkstoffen und nat\u00fcrlichen Zutaten:<br data-start=\"259\" data-end=\"262\" \/><strong>Alpenpflanzen und Zink*<\/strong><\/p>\n<p class=\"\" data-start=\"287\" data-end=\"303\">Mit dabei:<\/p>\n<ul data-start=\"304\" data-end=\"408\">\n<li class=\"\" data-start=\"304\" data-end=\"320\">\n<p class=\"\" data-start=\"306\" data-end=\"320\">Akaziengummi<\/p>\n<\/li>\n<li class=\"\" data-start=\"321\" data-end=\"340\">\n<p class=\"\" data-start=\"323\" data-end=\"340\">Zitronenthymian<\/p>\n<\/li>\n<li class=\"\" data-start=\"341\" data-end=\"353\">\n<p class=\"\" data-start=\"343\" data-end=\"353\">Holunder<\/p>\n<\/li>\n<li class=\"\" data-start=\"354\" data-end=\"364\">\n<p class=\"\" data-start=\"356\" data-end=\"364\">Aronia<\/p>\n<\/li>\n<li class=\"\" data-start=\"365\" data-end=\"391\">\n<p class=\"\" data-start=\"367\" data-end=\"391\">Edelweiss (kultiviert)<\/p>\n<\/li>\n<li class=\"\" data-start=\"392\" data-end=\"408\">\n<p class=\"\" data-start=\"394\" data-end=\"408\">Zinkgluconat<\/p>\n<\/li>\n<\/ul>\n<p><em>* Zink tr\u00e4gt zur normalen Funktion des Immunsystems bei.<\/em><\/p>\n","protected":false},"excerpt":{"rendered":"<p>Die nat\u00fcrliche Unterst\u00fctzung f\u00fcr Hals und Immunsystem<\/p>\n","protected":false},"featured_media":939,"comment_status":"open","ping_status":"closed","template":"","meta":{"_acf_changed":false},"product_brand":[],"product_cat":[122],"product_tag":[114,119],"class_list":{"0":"post-2336","1":"product","2":"type-product","3":"status-publish","4":"has-post-thumbnail","6":"product_cat-uncategorized-de","7":"product_tag-immunsystem","8":"product_tag-produkte-aus-den-alpen","10":"first","11":"instock","12":"taxable","13":"shipping-taxable","14":"purchasable","15":"product-type-variable","16":"has-default-attributes"},"acf":[],"_links":{"self":[{"href":"https:\/\/www.pharmalp.ch\/de\/wp-json\/wp\/v2\/product\/2336","targetHints":{"allow":["GET"]}}],"collection":[{"href":"https:\/\/www.pharmalp.ch\/de\/wp-json\/wp\/v2\/product"}],"about":[{"href":"https:\/\/www.pharmalp.ch\/de\/wp-json\/wp\/v2\/types\/product"}],"replies":[{"embeddable":true,"href":"https:\/\/www.pharmalp.ch\/de\/wp-json\/wp\/v2\/comments?post=2336"}],"wp:featuredmedia":[{"embeddable":true,"href":"https:\/\/www.pharmalp.ch\/de\/wp-json\/wp\/v2\/media\/939"}],"wp:attachment":[{"href":"https:\/\/www.pharmalp.ch\/de\/wp-json\/wp\/v2\/media?parent=2336"}],"wp:term":[{"taxonomy":"product_brand","embeddable":true,"href":"https:\/\/www.pharmalp.ch\/de\/wp-json\/wp\/v2\/product_brand?post=2336"},{"taxonomy":"product_cat","embeddable":true,"href":"https:\/\/www.pharmalp.ch\/de\/wp-json\/wp\/v2\/product_cat?post=2336"},{"taxonomy":"product_tag","embeddable":true,"href":"https:\/\/www.pharmalp.ch\/de\/wp-json\/wp\/v2\/product_tag?post=2336"}],"curies":[{"name":"wp","href":"https:\/\/api.w.org\/{rel}","templated":true}]}}