{"id":2331,"date":"2025-03-27T16:38:55","date_gmt":"2025-03-27T16:38:55","guid":{"rendered":"https:\/\/www.pharmalp.ch\/produit\/pharmalp-defenses\/"},"modified":"2026-01-16T00:00:53","modified_gmt":"2026-01-16T00:00:53","slug":"pharmalp-defenses","status":"publish","type":"product","link":"https:\/\/www.pharmalp.ch\/de\/produit\/pharmalp-defenses\/","title":{"rendered":"PHARMALP DEFENSES"},"content":{"rendered":"<p><strong>PHARMALP DEFENSES<\/strong> unterst\u00fctzt das Immunsystem Ihres K\u00f6rpers im Winter und st\u00e4rkt Ihre nat\u00fcrlichen Abwehrkr\u00e4fte. *<\/p>\n<p>&nbsp;<\/p>\n<p><strong>Mikrobiotische Bakterien + Pr\u00e4biotika + Zink<\/strong><\/p>\n<p>&nbsp;<\/p>\n<p>Nahrungserg\u00e4nzungsmittel zur Unterst\u00fctzung von:<\/p>\n<ul>\n<li>St\u00e4rkung der k\u00f6rpereigenen<strong> Abwehrkr\u00e4fte<\/strong>*<\/li>\n<li>Vorbeugung <strong>winterlicher Beschwerden<\/strong><\/li>\n<li>Linderung bei Beschwerden w\u00e4hrend <strong>des Winters<\/strong><\/li>\n<\/ul>\n<p><em>* Zink tr\u00e4gt zur normalen Funktion des Immunsystems bei.<\/em><\/p>\n","protected":false},"excerpt":{"rendered":"<p>Zur Unterst\u00fctzung der Abwehrkr\u00e4fte vor oder w\u00e4hrend des Winters.<\/p>\n","protected":false},"featured_media":11938,"comment_status":"open","ping_status":"closed","template":"","meta":{"_acf_changed":false},"product_brand":[],"product_cat":[122],"product_tag":[114,116],"class_list":{"0":"post-2331","1":"product","2":"type-product","3":"status-publish","4":"has-post-thumbnail","6":"product_cat-uncategorized-de","7":"product_tag-immunsystem","8":"product_tag-mikrobiota","10":"first","11":"outofstock","12":"taxable","13":"shipping-taxable","14":"product-type-variable","15":"has-default-attributes"},"acf":[],"_links":{"self":[{"href":"https:\/\/www.pharmalp.ch\/de\/wp-json\/wp\/v2\/product\/2331","targetHints":{"allow":["GET"]}}],"collection":[{"href":"https:\/\/www.pharmalp.ch\/de\/wp-json\/wp\/v2\/product"}],"about":[{"href":"https:\/\/www.pharmalp.ch\/de\/wp-json\/wp\/v2\/types\/product"}],"replies":[{"embeddable":true,"href":"https:\/\/www.pharmalp.ch\/de\/wp-json\/wp\/v2\/comments?post=2331"}],"wp:featuredmedia":[{"embeddable":true,"href":"https:\/\/www.pharmalp.ch\/de\/wp-json\/wp\/v2\/media\/11938"}],"wp:attachment":[{"href":"https:\/\/www.pharmalp.ch\/de\/wp-json\/wp\/v2\/media?parent=2331"}],"wp:term":[{"taxonomy":"product_brand","embeddable":true,"href":"https:\/\/www.pharmalp.ch\/de\/wp-json\/wp\/v2\/product_brand?post=2331"},{"taxonomy":"product_cat","embeddable":true,"href":"https:\/\/www.pharmalp.ch\/de\/wp-json\/wp\/v2\/product_cat?post=2331"},{"taxonomy":"product_tag","embeddable":true,"href":"https:\/\/www.pharmalp.ch\/de\/wp-json\/wp\/v2\/product_tag?post=2331"}],"curies":[{"name":"wp","href":"https:\/\/api.w.org\/{rel}","templated":true}]}}