{"id":2328,"date":"2025-03-18T08:34:25","date_gmt":"2025-03-18T08:34:25","guid":{"rendered":"https:\/\/www.pharmalp.ch\/produit\/pharmalp-pro-a-2\/"},"modified":"2026-04-22T13:36:03","modified_gmt":"2026-04-22T13:36:03","slug":"pharmalp-pro-a-2","status":"publish","type":"product","link":"https:\/\/www.pharmalp.ch\/de\/produit\/pharmalp-pro-a-2\/","title":{"rendered":"PHARMALP PRO-A"},"content":{"rendered":"<p class=\"\" data-start=\"167\" data-end=\"343\"><strong>Pollen, Gr\u00e4ser, Staub, Laktose\u2026 Reagiert Ihr K\u00f6rper \u00fcberm\u00e4ssig?<\/strong><\/p>\n<p class=\"\" data-start=\"167\" data-end=\"343\">Dann ist es an der Zeit, <strong data-start=\"258\" data-end=\"291\">Ihr Mikrobiom zu unterst\u00fctzen<\/strong> \u2013 den Schl\u00fcsselakteur f\u00fcr Immunsystem und Toleranz.<\/p>\n<p class=\"\" data-start=\"350\" data-end=\"617\"><strong data-start=\"350\" data-end=\"425\">Nahrungserg\u00e4nzungsmittel mit guten Bakterien \u2013 speziell formuliert f\u00fcr:<\/strong><\/p>\n<ul>\n<li data-start=\"350\" data-end=\"617\">Eine optimale Vorbereitung auf den Fr\u00fchling und w\u00e4hrend der <strong>Pollensaison<\/strong><\/li>\n<li data-start=\"350\" data-end=\"617\"><strong>\u00dcberreaktionen<\/strong> des K\u00f6rpers (Atemwege, Haut, Verdauung)<\/li>\n<li data-start=\"350\" data-end=\"617\">Zur Reduzierung des Einsatzes <strong>schlecht vertr\u00e4glicher<\/strong> Akutprodukte.<\/li>\n<\/ul>\n","protected":false},"excerpt":{"rendered":"<p>Sonderangebot mit dem Gutscheincode: Okpollen<\/p>\n","protected":false},"featured_media":912,"comment_status":"open","ping_status":"closed","template":"","meta":{"_acf_changed":false},"product_brand":[],"product_cat":[122],"product_tag":[118,117,116],"class_list":{"0":"post-2328","1":"product","2":"type-product","3":"status-publish","4":"has-post-thumbnail","6":"product_cat-uncategorized-de","7":"product_tag-fruehling-pollen","8":"product_tag-leistung","9":"product_tag-mikrobiota","11":"first","12":"instock","13":"taxable","14":"shipping-taxable","15":"purchasable","16":"product-type-variable"},"acf":[],"_links":{"self":[{"href":"https:\/\/www.pharmalp.ch\/de\/wp-json\/wp\/v2\/product\/2328","targetHints":{"allow":["GET"]}}],"collection":[{"href":"https:\/\/www.pharmalp.ch\/de\/wp-json\/wp\/v2\/product"}],"about":[{"href":"https:\/\/www.pharmalp.ch\/de\/wp-json\/wp\/v2\/types\/product"}],"replies":[{"embeddable":true,"href":"https:\/\/www.pharmalp.ch\/de\/wp-json\/wp\/v2\/comments?post=2328"}],"wp:featuredmedia":[{"embeddable":true,"href":"https:\/\/www.pharmalp.ch\/de\/wp-json\/wp\/v2\/media\/912"}],"wp:attachment":[{"href":"https:\/\/www.pharmalp.ch\/de\/wp-json\/wp\/v2\/media?parent=2328"}],"wp:term":[{"taxonomy":"product_brand","embeddable":true,"href":"https:\/\/www.pharmalp.ch\/de\/wp-json\/wp\/v2\/product_brand?post=2328"},{"taxonomy":"product_cat","embeddable":true,"href":"https:\/\/www.pharmalp.ch\/de\/wp-json\/wp\/v2\/product_cat?post=2328"},{"taxonomy":"product_tag","embeddable":true,"href":"https:\/\/www.pharmalp.ch\/de\/wp-json\/wp\/v2\/product_tag?post=2328"}],"curies":[{"name":"wp","href":"https:\/\/api.w.org\/{rel}","templated":true}]}}