{"id":2321,"date":"2025-03-27T16:25:44","date_gmt":"2025-03-27T16:25:44","guid":{"rendered":"https:\/\/www.pharmalp.ch\/produit\/pharmalp-boost\/"},"modified":"2026-01-16T00:00:51","modified_gmt":"2026-01-16T00:00:51","slug":"pharmalp-boost","status":"publish","type":"product","link":"https:\/\/www.pharmalp.ch\/de\/produit\/pharmalp-boost\/","title":{"rendered":"PHARMALP BOOST"},"content":{"rendered":"<p class=\"\" data-start=\"88\" data-end=\"143\">Der k\u00f6rperliche und mentale Boost f\u00fcr aktive Tage<\/p>\n<p class=\"\" data-start=\"150\" data-end=\"301\">Synergistische Kombination aus <strong>Rhodiola, Magnesium und Vitamin B1<\/strong> \u2013 um Ihren K\u00f6rper dabei zu unterst\u00fctzen, tags\u00fcber <strong>die volle Energie* zu mobilisieren.<\/strong><\/p>\n<p class=\"\" data-start=\"308\" data-end=\"501\"><strong data-start=\"308\" data-end=\"352\">Nat\u00fcrliche Formel \u2013 ideal in Zeiten von:<\/strong><\/p>\n<ul>\n<li data-start=\"308\" data-end=\"501\"><strong>Energiemangel<\/strong> und <strong>schwierigen Morgenstarts<\/strong><\/li>\n<li data-start=\"308\" data-end=\"501\"><strong>Stress, Pr\u00fcfungsphasen<\/strong><\/li>\n<li data-start=\"308\" data-end=\"501\"><strong>Sportlichen Wettk\u00e4mpfen<\/strong><\/li>\n<li data-start=\"308\" data-end=\"501\"><strong>K\u00f6rperlicher<\/strong> und\/oder <strong>mentaler M\u00fcdigkeit**<\/strong><\/li>\n<\/ul>\n<p>&nbsp;<\/p>\n<p class=\"\" data-start=\"508\" data-end=\"683\"><em>* Magnesium tr\u00e4gt zu einem normalen Energiestoffwechsel und zur Verringerung von M\u00fcdigkeit bei.<\/em><\/p>\n<p class=\"\" data-start=\"508\" data-end=\"683\"><em>** Vitamin B1 (Thiamin) tr\u00e4gt zur normalen Funktion des Nervensystems bei.<\/em><\/p>\n","protected":false},"excerpt":{"rendered":"<p>Fehlt es Ihnen an Energie? Motivation? Konzentration?<\/p>\n","protected":false},"featured_media":915,"comment_status":"open","ping_status":"closed","template":"","meta":{"_acf_changed":false},"product_brand":[],"product_cat":[122],"product_tag":[117,113],"class_list":{"0":"post-2321","1":"product","2":"type-product","3":"status-publish","4":"has-post-thumbnail","6":"product_cat-uncategorized-de","7":"product_tag-leistung","8":"product_tag-muedigkeit-vitalitaet","10":"first","11":"outofstock","12":"taxable","13":"shipping-taxable","14":"product-type-variable","15":"has-default-attributes"},"acf":[],"_links":{"self":[{"href":"https:\/\/www.pharmalp.ch\/de\/wp-json\/wp\/v2\/product\/2321","targetHints":{"allow":["GET"]}}],"collection":[{"href":"https:\/\/www.pharmalp.ch\/de\/wp-json\/wp\/v2\/product"}],"about":[{"href":"https:\/\/www.pharmalp.ch\/de\/wp-json\/wp\/v2\/types\/product"}],"replies":[{"embeddable":true,"href":"https:\/\/www.pharmalp.ch\/de\/wp-json\/wp\/v2\/comments?post=2321"}],"wp:featuredmedia":[{"embeddable":true,"href":"https:\/\/www.pharmalp.ch\/de\/wp-json\/wp\/v2\/media\/915"}],"wp:attachment":[{"href":"https:\/\/www.pharmalp.ch\/de\/wp-json\/wp\/v2\/media?parent=2321"}],"wp:term":[{"taxonomy":"product_brand","embeddable":true,"href":"https:\/\/www.pharmalp.ch\/de\/wp-json\/wp\/v2\/product_brand?post=2321"},{"taxonomy":"product_cat","embeddable":true,"href":"https:\/\/www.pharmalp.ch\/de\/wp-json\/wp\/v2\/product_cat?post=2321"},{"taxonomy":"product_tag","embeddable":true,"href":"https:\/\/www.pharmalp.ch\/de\/wp-json\/wp\/v2\/product_tag?post=2321"}],"curies":[{"name":"wp","href":"https:\/\/api.w.org\/{rel}","templated":true}]}}