{"id":2314,"date":"2025-03-27T16:52:23","date_gmt":"2025-03-27T16:52:23","guid":{"rendered":"https:\/\/www.pharmalp.ch\/produit\/pharmalp-inurola\/"},"modified":"2026-04-02T13:39:38","modified_gmt":"2026-04-02T13:39:38","slug":"pharmalp-inurola","status":"publish","type":"product","link":"https:\/\/www.pharmalp.ch\/de\/produit\/pharmalp-inurola\/","title":{"rendered":"INUROLA\u00ae"},"content":{"rendered":"<p class=\"\" data-start=\"105\" data-end=\"161\"><strong data-start=\"105\" data-end=\"159\">Nahrungserg\u00e4nzungsmittel f\u00fcr das Intimwohlbefinden<\/strong><\/p>\n<p class=\"\" data-start=\"168\" data-end=\"321\"><strong data-start=\"168\" data-end=\"202\">Genug von Harnwegsbeschwerden?<\/strong><br data-start=\"202\" data-end=\"205\" \/>Die Kombination von Kleinbl\u00fctigem Weidenr\u00f6schen und Echtem M\u00e4des\u00fcss \u2013 die innovative und schweizerische Alternative.<\/p>\n<p class=\"\" data-start=\"328\" data-end=\"387\"><strong data-start=\"328\" data-end=\"385\">INUROLA\u00ae \u2013 eine einzigartige und synergetische Formel<\/strong><\/p>\n<ul>\n<li data-start=\"389\" data-end=\"664\"><strong>\u00a02 Schweizer Pflanzen<\/strong> (Kleinbl\u00fctiges Weidenr\u00f6schen und Echtes M\u00e4des\u00fcss)<\/li>\n<li data-start=\"389\" data-end=\"664\"><strong>D-Mannose,<\/strong> ein bew\u00e4hrter Wirkstoff f\u00fcr das Wohlbefinden<\/li>\n<li data-start=\"389\" data-end=\"664\">\u00a0<strong>Pr\u00e4biotika<\/strong> (FOS), um das Wachstum guter Bakterien zu f\u00f6rdern<\/li>\n<li data-start=\"389\" data-end=\"664\"><strong>Vitamin D3 und Zink,<\/strong> die zur normalen Funktion des Immunsystems beitragen<\/li>\n<\/ul>\n","protected":false},"excerpt":{"rendered":"<p><strong>Die Schweizer Alternative<\/strong> zu Cranberry und D-Mannose.<\/p>\n","protected":false},"featured_media":9748,"comment_status":"open","ping_status":"closed","template":"","meta":{"_acf_changed":false},"product_brand":[],"product_cat":[122],"product_tag":[120],"class_list":{"0":"post-2314","1":"product","2":"type-product","3":"status-publish","4":"has-post-thumbnail","6":"product_cat-uncategorized-de","7":"product_tag-frauengesundheit","9":"first","10":"instock","11":"taxable","12":"shipping-taxable","13":"purchasable","14":"product-type-variable","15":"has-default-attributes"},"acf":[],"_links":{"self":[{"href":"https:\/\/www.pharmalp.ch\/de\/wp-json\/wp\/v2\/product\/2314","targetHints":{"allow":["GET"]}}],"collection":[{"href":"https:\/\/www.pharmalp.ch\/de\/wp-json\/wp\/v2\/product"}],"about":[{"href":"https:\/\/www.pharmalp.ch\/de\/wp-json\/wp\/v2\/types\/product"}],"replies":[{"embeddable":true,"href":"https:\/\/www.pharmalp.ch\/de\/wp-json\/wp\/v2\/comments?post=2314"}],"wp:featuredmedia":[{"embeddable":true,"href":"https:\/\/www.pharmalp.ch\/de\/wp-json\/wp\/v2\/media\/9748"}],"wp:attachment":[{"href":"https:\/\/www.pharmalp.ch\/de\/wp-json\/wp\/v2\/media?parent=2314"}],"wp:term":[{"taxonomy":"product_brand","embeddable":true,"href":"https:\/\/www.pharmalp.ch\/de\/wp-json\/wp\/v2\/product_brand?post=2314"},{"taxonomy":"product_cat","embeddable":true,"href":"https:\/\/www.pharmalp.ch\/de\/wp-json\/wp\/v2\/product_cat?post=2314"},{"taxonomy":"product_tag","embeddable":true,"href":"https:\/\/www.pharmalp.ch\/de\/wp-json\/wp\/v2\/product_tag?post=2314"}],"curies":[{"name":"wp","href":"https:\/\/api.w.org\/{rel}","templated":true}]}}