{"id":2312,"date":"2025-03-27T16:55:21","date_gmt":"2025-03-27T16:55:21","guid":{"rendered":"https:\/\/www.pharmalp.ch\/produit\/florevia\/"},"modified":"2026-04-01T13:46:16","modified_gmt":"2026-04-01T13:46:16","slug":"florevia","status":"publish","type":"product","link":"https:\/\/www.pharmalp.ch\/de\/produit\/florevia\/","title":{"rendered":"FLOREVIA\u00ae"},"content":{"rendered":"<p class=\"\" data-start=\"178\" data-end=\"316\">Zur schnellen und nachhaltigen Unterst\u00fctzung bei Ungleichgewichten der Scheidenflora \u2013 und zur Vorbeugung von wiederkehrenden Beschwerden.<\/p>\n<p>Bei:<\/p>\n<ul>\n<li>Bakterieller<strong> Vaginose<\/strong><\/li>\n<li><strong>Vaginaler Trockenheit<\/strong> und anderen Unannehmlichkeiten<\/li>\n<li>Wiederherstellung des vaginalen <strong>Mikrobioms<\/strong><\/li>\n<\/ul>\n<p class=\"\" data-start=\"454\" data-end=\"498\"><strong data-start=\"454\" data-end=\"496\">Nat\u00fcrliche und patentierte Formel mit:<\/strong><\/p>\n<ul data-start=\"499\" data-end=\"815\">\n<li class=\"\" data-start=\"499\" data-end=\"615\">\n<p class=\"\" data-start=\"501\" data-end=\"615\"><strong>Pr\u00e4biotikum,<\/strong> das gezielt das Wachstum vaginaler Laktobazillen f\u00f6rdert, um die Flora ins Gleichgewicht zu bringen<\/p>\n<\/li>\n<li class=\"\" data-start=\"616\" data-end=\"736\">\n<p class=\"\" data-start=\"618\" data-end=\"736\">Extrakt aus <strong>Rotklee<\/strong> \u2013 eine nat\u00fcrliche Quelle von Isoflavonen, welche die Schleimhautdicke und -qualit\u00e4t unterst\u00fctzen<\/p>\n<\/li>\n<li class=\"\" data-start=\"737\" data-end=\"815\">\n<p class=\"\" data-start=\"739\" data-end=\"815\">Milchs\u00e4ure zur Aufrechterhaltung eines leicht sauren pH-Wertes in der Vagina<\/p>\n<\/li>\n<\/ul>\n","protected":false},"excerpt":{"rendered":"<p>Vaginale Beschwerden und Infektionen<\/p>\n","protected":false},"featured_media":9741,"comment_status":"open","ping_status":"closed","template":"","meta":{"_acf_changed":false},"product_brand":[],"product_cat":[122],"product_tag":[120],"class_list":{"0":"post-2312","1":"product","2":"type-product","3":"status-publish","4":"has-post-thumbnail","6":"product_cat-uncategorized-de","7":"product_tag-frauengesundheit","9":"first","10":"instock","11":"taxable","12":"shipping-taxable","13":"purchasable","14":"product-type-variable","15":"has-default-attributes"},"acf":[],"_links":{"self":[{"href":"https:\/\/www.pharmalp.ch\/de\/wp-json\/wp\/v2\/product\/2312","targetHints":{"allow":["GET"]}}],"collection":[{"href":"https:\/\/www.pharmalp.ch\/de\/wp-json\/wp\/v2\/product"}],"about":[{"href":"https:\/\/www.pharmalp.ch\/de\/wp-json\/wp\/v2\/types\/product"}],"replies":[{"embeddable":true,"href":"https:\/\/www.pharmalp.ch\/de\/wp-json\/wp\/v2\/comments?post=2312"}],"wp:featuredmedia":[{"embeddable":true,"href":"https:\/\/www.pharmalp.ch\/de\/wp-json\/wp\/v2\/media\/9741"}],"wp:attachment":[{"href":"https:\/\/www.pharmalp.ch\/de\/wp-json\/wp\/v2\/media?parent=2312"}],"wp:term":[{"taxonomy":"product_brand","embeddable":true,"href":"https:\/\/www.pharmalp.ch\/de\/wp-json\/wp\/v2\/product_brand?post=2312"},{"taxonomy":"product_cat","embeddable":true,"href":"https:\/\/www.pharmalp.ch\/de\/wp-json\/wp\/v2\/product_cat?post=2312"},{"taxonomy":"product_tag","embeddable":true,"href":"https:\/\/www.pharmalp.ch\/de\/wp-json\/wp\/v2\/product_tag?post=2312"}],"curies":[{"name":"wp","href":"https:\/\/api.w.org\/{rel}","templated":true}]}}