{"id":2308,"date":"2025-03-27T16:59:55","date_gmt":"2025-03-27T16:59:55","guid":{"rendered":"https:\/\/www.pharmalp.ch\/produit\/hibiscol\/"},"modified":"2026-01-16T00:00:47","modified_gmt":"2026-01-16T00:00:47","slug":"hibiscol","status":"publish","type":"product","link":"https:\/\/www.pharmalp.ch\/de\/produit\/hibiscol\/","title":{"rendered":"HIBISCOL\u00ae"},"content":{"rendered":"<p><strong data-start=\"61\" data-end=\"88\">Blutdruck? Cholesterin?<\/strong><\/p>\n<p class=\"\" data-start=\"92\" data-end=\"148\"><strong data-start=\"92\" data-end=\"146\">Behalten Sie die Kontrolle \u2013 ganz nat\u00fcrlich!<\/strong><\/p>\n<p>&nbsp;<\/p>\n<p><strong>HIBISCOL\u00ae <\/strong>ist ein Nahrungserg\u00e4nzungsmittel, das Menschen unterst\u00fctzt, die ihren Lebensstil und ihre Gewohnheiten zum Schutz ihres Herzens anpassen m\u00f6chten:<\/p>\n<ul data-start=\"318\" data-end=\"538\">\n<li class=\"\" data-start=\"318\" data-end=\"454\">\n<p class=\"\" data-start=\"320\" data-end=\"454\">Basierend auf den Bl\u00fctenkelchen der Hibiskuspflanze und den Aroniabeeren \u2013 Pflanzen, die reich an Polyphenolen und Anthocyanen sind,<\/p>\n<\/li>\n<li class=\"\" data-start=\"455\" data-end=\"538\">\n<p class=\"\" data-start=\"457\" data-end=\"538\">Kombiniert mit Thiamin (Vitamin B1), das zu einer normalen Herzfunktion beitr\u00e4gt.<\/p>\n<\/li>\n<\/ul>\n","protected":false},"excerpt":{"rendered":"<p>Blutdruck? Cholesterin?<\/p>\n","protected":false},"featured_media":9745,"comment_status":"open","ping_status":"closed","template":"","meta":{"_acf_changed":false},"product_brand":[],"product_cat":[122],"product_tag":[120,111],"class_list":{"0":"post-2308","1":"product","2":"type-product","3":"status-publish","4":"has-post-thumbnail","6":"product_cat-uncategorized-de","7":"product_tag-frauengesundheit","8":"product_tag-herz-arterien","10":"first","11":"outofstock","12":"taxable","13":"shipping-taxable","14":"product-type-variable","15":"has-default-attributes"},"acf":[],"_links":{"self":[{"href":"https:\/\/www.pharmalp.ch\/de\/wp-json\/wp\/v2\/product\/2308","targetHints":{"allow":["GET"]}}],"collection":[{"href":"https:\/\/www.pharmalp.ch\/de\/wp-json\/wp\/v2\/product"}],"about":[{"href":"https:\/\/www.pharmalp.ch\/de\/wp-json\/wp\/v2\/types\/product"}],"replies":[{"embeddable":true,"href":"https:\/\/www.pharmalp.ch\/de\/wp-json\/wp\/v2\/comments?post=2308"}],"wp:featuredmedia":[{"embeddable":true,"href":"https:\/\/www.pharmalp.ch\/de\/wp-json\/wp\/v2\/media\/9745"}],"wp:attachment":[{"href":"https:\/\/www.pharmalp.ch\/de\/wp-json\/wp\/v2\/media?parent=2308"}],"wp:term":[{"taxonomy":"product_brand","embeddable":true,"href":"https:\/\/www.pharmalp.ch\/de\/wp-json\/wp\/v2\/product_brand?post=2308"},{"taxonomy":"product_cat","embeddable":true,"href":"https:\/\/www.pharmalp.ch\/de\/wp-json\/wp\/v2\/product_cat?post=2308"},{"taxonomy":"product_tag","embeddable":true,"href":"https:\/\/www.pharmalp.ch\/de\/wp-json\/wp\/v2\/product_tag?post=2308"}],"curies":[{"name":"wp","href":"https:\/\/api.w.org\/{rel}","templated":true}]}}