{"id":2305,"date":"2025-03-27T15:49:02","date_gmt":"2025-03-27T15:49:02","guid":{"rendered":"https:\/\/www.pharmalp.ch\/produit\/pastilles-des-alpes-digest\/"},"modified":"2026-01-16T00:00:47","modified_gmt":"2026-01-16T00:00:47","slug":"pastilles-des-alpes-digest","status":"publish","type":"product","link":"https:\/\/www.pharmalp.ch\/de\/produit\/pastilles-des-alpes-digest\/","title":{"rendered":"PASTILLES DES ALPES DIGEST"},"content":{"rendered":"<p><strong>Die nat\u00fcrliche und erfrischende Unterst\u00fctzung f\u00fcr das Verdauungswohlbefinden*<\/strong><\/p>\n<p class=\"\" data-start=\"185\" data-end=\"327\">Mit ihrem feinen, frischen Birne-Minze-Geschmack wurden die <strong data-start=\"245\" data-end=\"277\">PASTILLES DES ALPES DIGEST*<\/strong> aus sorgf\u00e4ltig ausgew\u00e4hlten Zutaten entwickelt:<\/p>\n<ul data-start=\"329\" data-end=\"523\">\n<li class=\"\" data-start=\"329\" data-end=\"358\">\n<p class=\"\" data-start=\"331\" data-end=\"358\"><strong>Chicor\u00e9e<\/strong>, reich an Inulin<\/p>\n<\/li>\n<li class=\"\" data-start=\"359\" data-end=\"393\">\n<p class=\"\" data-start=\"361\" data-end=\"393\"><strong>Pfefferminze<\/strong>, reich an Menthol<\/p>\n<\/li>\n<li class=\"\" data-start=\"394\" data-end=\"523\">\n<p class=\"\" data-start=\"396\" data-end=\"523\"><strong>Birne<\/strong>, reich an Ballaststoffen und im Wallis angebaut<\/p>\n<\/li>\n<\/ul>\n<p>&nbsp;<\/p>\n<p class=\"\" data-start=\"396\" data-end=\"523\"><br data-start=\"449\" data-end=\"452\" \/><em>* Mit Calcium, das zur normalen Funktion der Verdauungsenzyme beitr\u00e4gt<\/em><\/p>\n<p>&nbsp;<\/p>\n","protected":false},"excerpt":{"rendered":"<p>Die nat\u00fcrliche und erfrischende Unterst\u00fctzung f\u00fcr das Verdauungswohlbefinden<\/p>\n","protected":false},"featured_media":936,"comment_status":"open","ping_status":"closed","template":"","meta":{"_acf_changed":false},"product_brand":[],"product_cat":[122],"product_tag":[119],"class_list":{"0":"post-2305","1":"product","2":"type-product","3":"status-publish","4":"has-post-thumbnail","6":"product_cat-uncategorized-de","7":"product_tag-produkte-aus-den-alpen","9":"first","10":"outofstock","11":"taxable","12":"shipping-taxable","13":"product-type-variable","14":"has-default-attributes"},"acf":[],"_links":{"self":[{"href":"https:\/\/www.pharmalp.ch\/de\/wp-json\/wp\/v2\/product\/2305","targetHints":{"allow":["GET"]}}],"collection":[{"href":"https:\/\/www.pharmalp.ch\/de\/wp-json\/wp\/v2\/product"}],"about":[{"href":"https:\/\/www.pharmalp.ch\/de\/wp-json\/wp\/v2\/types\/product"}],"replies":[{"embeddable":true,"href":"https:\/\/www.pharmalp.ch\/de\/wp-json\/wp\/v2\/comments?post=2305"}],"wp:featuredmedia":[{"embeddable":true,"href":"https:\/\/www.pharmalp.ch\/de\/wp-json\/wp\/v2\/media\/936"}],"wp:attachment":[{"href":"https:\/\/www.pharmalp.ch\/de\/wp-json\/wp\/v2\/media?parent=2305"}],"wp:term":[{"taxonomy":"product_brand","embeddable":true,"href":"https:\/\/www.pharmalp.ch\/de\/wp-json\/wp\/v2\/product_brand?post=2305"},{"taxonomy":"product_cat","embeddable":true,"href":"https:\/\/www.pharmalp.ch\/de\/wp-json\/wp\/v2\/product_cat?post=2305"},{"taxonomy":"product_tag","embeddable":true,"href":"https:\/\/www.pharmalp.ch\/de\/wp-json\/wp\/v2\/product_tag?post=2305"}],"curies":[{"name":"wp","href":"https:\/\/api.w.org\/{rel}","templated":true}]}}