{"id":13074,"date":"2026-04-08T07:08:59","date_gmt":"2026-04-08T07:08:59","guid":{"rendered":"https:\/\/www.pharmalp.ch\/?post_type=product&#038;p=13074"},"modified":"2026-04-09T11:49:35","modified_gmt":"2026-04-09T11:49:35","slug":"das-florevia-duo","status":"publish","type":"product","link":"https:\/\/www.pharmalp.ch\/de\/produit\/das-florevia-duo\/","title":{"rendered":"Das FLOREVIA Duo"},"content":{"rendered":"<p data-start=\"1083\" data-end=\"1132\"><strong data-start=\"1083\" data-end=\"1130\">Die umfassende L\u00f6sung f\u00fcr mehr Intimkomfort<\/strong><\/p>\n<p data-start=\"1134\" data-end=\"1282\">Das Duo <strong>FLOREVIA &amp; FLOREVIA CARE INTIME<\/strong> bietet einen erg\u00e4nzenden Ansatz zur ganzheitlichen Unterst\u00fctzung des Intimkomforts \u2013 von innen und aussen.<\/p>\n<p>&nbsp;<\/p>\n<p data-start=\"1284\" data-end=\"1687\"><strong data-start=\"1284\" data-end=\"1313\">Innerliche Unterst\u00fctzung:<\/strong> <strong>FLOREVIA<\/strong> tr\u00e4gt dazu bei, das Gleichgewicht des <strong>vaginalen Mikrobioms<\/strong> zu unterst\u00fctzen, den Intimkomfort bei bakteriellen <strong>Ungleichgewichten<\/strong> und <strong>vaginaler Trockenheit<\/strong> zu f\u00f6rdern und das Risiko von R\u00fcckf\u00e4llen zu reduzieren.<br data-start=\"1532\" data-end=\"1535\" \/>Die nat\u00fcrliche und patentierte Formel kombiniert Pr\u00e4biotika, Milchs\u00e4ure und Rotklee-Extrakt zur nachhaltigen Unterst\u00fctzung des intimen Gleichgewichts.<\/p>\n<p>&nbsp;<\/p>\n<p data-start=\"1689\" data-end=\"2048\"><strong data-start=\"1689\" data-end=\"1708\">\u00c4ussere Pflege:<\/strong> <strong>FLOREVIA CARE INTIME 2-in-1<\/strong> (<strong>sanfte Reinigung und beruhigende Pflege ohne Aussp\u00fclen)<\/strong> hilft, Reizempfindungen schnell zu lindern und spendet Feuchtigkeit im \u00e4usseren Intimbereich.<br data-start=\"1887\" data-end=\"1890\" \/>Eine Formel mit <strong>99 % Inhaltsstoffen nat\u00fcrlichen<\/strong> Ursprungs, die einen Pflanzenkomplex, Pr\u00e4biotika und Milchs\u00e4ure kombiniert \u2013 ohne Duftstoffe und ohne Seife.<\/p>\n","protected":false},"excerpt":{"rendered":"<p>Die umfassende L\u00f6sung f\u00fcr mehr Intimkomfort<\/p>\n","protected":false},"featured_media":13080,"comment_status":"open","ping_status":"closed","template":"","meta":{"_acf_changed":false},"product_brand":[],"product_cat":[122],"product_tag":[120],"class_list":{"0":"post-13074","1":"product","2":"type-product","3":"status-publish","4":"has-post-thumbnail","6":"product_cat-uncategorized-de","7":"product_tag-frauengesundheit","9":"first","10":"instock","11":"taxable","12":"shipping-taxable","13":"purchasable","14":"product-type-variable"},"acf":[],"_links":{"self":[{"href":"https:\/\/www.pharmalp.ch\/de\/wp-json\/wp\/v2\/product\/13074","targetHints":{"allow":["GET"]}}],"collection":[{"href":"https:\/\/www.pharmalp.ch\/de\/wp-json\/wp\/v2\/product"}],"about":[{"href":"https:\/\/www.pharmalp.ch\/de\/wp-json\/wp\/v2\/types\/product"}],"replies":[{"embeddable":true,"href":"https:\/\/www.pharmalp.ch\/de\/wp-json\/wp\/v2\/comments?post=13074"}],"wp:featuredmedia":[{"embeddable":true,"href":"https:\/\/www.pharmalp.ch\/de\/wp-json\/wp\/v2\/media\/13080"}],"wp:attachment":[{"href":"https:\/\/www.pharmalp.ch\/de\/wp-json\/wp\/v2\/media?parent=13074"}],"wp:term":[{"taxonomy":"product_brand","embeddable":true,"href":"https:\/\/www.pharmalp.ch\/de\/wp-json\/wp\/v2\/product_brand?post=13074"},{"taxonomy":"product_cat","embeddable":true,"href":"https:\/\/www.pharmalp.ch\/de\/wp-json\/wp\/v2\/product_cat?post=13074"},{"taxonomy":"product_tag","embeddable":true,"href":"https:\/\/www.pharmalp.ch\/de\/wp-json\/wp\/v2\/product_tag?post=13074"}],"curies":[{"name":"wp","href":"https:\/\/api.w.org\/{rel}","templated":true}]}}