{"id":12886,"date":"2026-03-25T14:43:38","date_gmt":"2026-03-25T14:43:38","guid":{"rendered":"https:\/\/www.pharmalp.ch\/?post_type=product&#038;p=12886"},"modified":"2026-03-26T13:28:12","modified_gmt":"2026-03-26T13:28:12","slug":"kit-sante-des-femmes","status":"publish","type":"product","link":"https:\/\/www.pharmalp.ch\/de\/produit\/kit-sante-des-femmes\/","title":{"rendered":"Entdeckungsset Frauenlinie"},"content":{"rendered":"<p data-start=\"1854\" data-end=\"1910\"><strong data-start=\"1854\" data-end=\"1910\">Geb\u00fcndelte PHARMALP-Expertise\u2026 zum attraktiven Preis<\/strong><\/p>\n<p data-start=\"1912\" data-end=\"2041\">Was w\u00e4re, wenn Sie das Beste der nat\u00fcrlichen Frauengesundheit auf einmal entdecken k\u00f6nnten\u2026 zu einem besonders attraktiven Preis?<\/p>\n<p data-start=\"2043\" data-end=\"2097\"><strong data-start=\"2043\" data-end=\"2097\">Ihr \u00abFrauengesundheit by Pharmalp\u00bb Entdeckungsset:<\/strong><\/p>\n<p data-start=\"2099\" data-end=\"2268\">Die wichtigsten Produkte unserer Frauenlinie, um unsere nat\u00fcrlichen und innovativen L\u00f6sungen f\u00fcr die h\u00e4ufigsten Beschwerden im Praxisalltag kennenzulernen und zu testen.<\/p>\n<ul data-start=\"2270\" data-end=\"2692\">\n<li data-section-id=\"wieuu2\" data-start=\"2270\" data-end=\"2330\">Intimbeschwerden und Juckreiz \u2192 <strong data-start=\"2304\" data-end=\"2328\">FLOREVIA CARE INTIME<\/strong><\/li>\n<li data-section-id=\"1duq6ok\" data-start=\"2331\" data-end=\"2386\">Vaginale Infektionen und Trockenheit \u2192 <strong data-start=\"2372\" data-end=\"2384\">FLOREVIA<\/strong><\/li>\n<li data-section-id=\"dmxq7l\" data-start=\"2387\" data-end=\"2418\">Eisenmangel \u2192 <strong data-start=\"2403\" data-end=\"2416\">SPIRUL-1\u00ae<\/strong><\/li>\n<li data-section-id=\"1nnhiob\" data-start=\"2419\" data-end=\"2472\">Wiederkehrende Harnwegsinfektionen \u2192 <strong data-start=\"2458\" data-end=\"2470\">INUROLA\u00ae<\/strong><\/li>\n<li data-section-id=\"bawhs6\" data-start=\"2473\" data-end=\"2539\">M\u00fcdigkeit w\u00e4hrend der Menstruation und PMS \u2192 <strong data-start=\"2520\" data-end=\"2537\">FEMINA CYCLES<\/strong><\/li>\n<li data-section-id=\"1nn2ah\" data-start=\"2540\" data-end=\"2597\">Verdauungsbeschwerden und -st\u00f6rungen \u2192 <strong data-start=\"2581\" data-end=\"2595\">MICROBIOTA<\/strong><\/li>\n<li data-section-id=\"17amzhm\" data-start=\"2598\" data-end=\"2692\">Stimmungsschwankungen, M\u00fcdigkeit, Angst, Stress (hormonelle Ver\u00e4nderungen) \u2192 <strong data-start=\"2677\" data-end=\"2692\">FEMINA MOOD<\/strong><\/li>\n<\/ul>\n<p data-start=\"2694\" data-end=\"2772\"><strong data-start=\"2694\" data-end=\"2710\">Kurz gesagt:<\/strong> 7 Produkte zum Sonderpreis von CHF 90.\u2013, Lieferung inklusive.<\/p>\n","protected":false},"excerpt":{"rendered":"<p>Geb\u00fcndelte PHARMALP-Expertise\u2026 zum attraktiven Preis Was w\u00e4re, wenn Sie das Beste der [&hellip;]<\/p>\n","protected":false},"featured_media":12898,"comment_status":"open","ping_status":"closed","template":"","meta":{"_acf_changed":false},"product_brand":[],"product_cat":[122],"product_tag":[120],"class_list":{"0":"post-12886","1":"product","2":"type-product","3":"status-publish","4":"has-post-thumbnail","6":"product_cat-uncategorized-de","7":"product_tag-frauengesundheit","9":"first","10":"instock","11":"taxable","12":"shipping-taxable","13":"purchasable","14":"product-type-variable"},"acf":[],"_links":{"self":[{"href":"https:\/\/www.pharmalp.ch\/de\/wp-json\/wp\/v2\/product\/12886","targetHints":{"allow":["GET"]}}],"collection":[{"href":"https:\/\/www.pharmalp.ch\/de\/wp-json\/wp\/v2\/product"}],"about":[{"href":"https:\/\/www.pharmalp.ch\/de\/wp-json\/wp\/v2\/types\/product"}],"replies":[{"embeddable":true,"href":"https:\/\/www.pharmalp.ch\/de\/wp-json\/wp\/v2\/comments?post=12886"}],"wp:featuredmedia":[{"embeddable":true,"href":"https:\/\/www.pharmalp.ch\/de\/wp-json\/wp\/v2\/media\/12898"}],"wp:attachment":[{"href":"https:\/\/www.pharmalp.ch\/de\/wp-json\/wp\/v2\/media?parent=12886"}],"wp:term":[{"taxonomy":"product_brand","embeddable":true,"href":"https:\/\/www.pharmalp.ch\/de\/wp-json\/wp\/v2\/product_brand?post=12886"},{"taxonomy":"product_cat","embeddable":true,"href":"https:\/\/www.pharmalp.ch\/de\/wp-json\/wp\/v2\/product_cat?post=12886"},{"taxonomy":"product_tag","embeddable":true,"href":"https:\/\/www.pharmalp.ch\/de\/wp-json\/wp\/v2\/product_tag?post=12886"}],"curies":[{"name":"wp","href":"https:\/\/api.w.org\/{rel}","templated":true}]}}