{"id":12778,"date":"2026-03-18T08:39:08","date_gmt":"2026-03-18T08:39:08","guid":{"rendered":"https:\/\/www.pharmalp.ch\/?post_type=product&#038;p=12778"},"modified":"2026-04-22T14:14:28","modified_gmt":"2026-04-22T14:14:28","slug":"gel-des-alpes","status":"publish","type":"product","link":"https:\/\/www.pharmalp.ch\/de\/produit\/gel-des-alpes\/","title":{"rendered":"GEL DES ALPES"},"content":{"rendered":"<p data-start=\"1485\" data-end=\"1568\"><strong data-start=\"1485\" data-end=\"1509\">SOS REPAIR &amp; KOMFORT<\/strong><br data-start=\"1509\" data-end=\"1512\" \/>Empfindliche, gereizte, beanspruchte oder reaktive Haut?<\/p>\n<p data-start=\"1570\" data-end=\"1674\"><strong data-start=\"1570\" data-end=\"1587\">GEL DES ALPES<\/strong> beruhigt, spendet Feuchtigkeit und unterst\u00fctzt die Wiederherstellung der Hautbarriere.<\/p>\n<p data-start=\"1676\" data-end=\"1688\">Ideal bei:<\/p>\n<ul data-start=\"1689\" data-end=\"1904\">\n<li data-section-id=\"2fic0p\" data-start=\"1689\" data-end=\"1760\">Durch t\u00e4gliche Einfl\u00fcsse sensibilisierter Haut (Sonne, K\u00e4lte, Wind)<\/li>\n<li data-section-id=\"lrwk4j\" data-start=\"1761\" data-end=\"1809\">Insektenstichen oder Reaktionen auf Pflanzen<\/li>\n<li data-section-id=\"7bzre1\" data-start=\"1810\" data-end=\"1860\">Trockener oder zu Neurodermitis neigender Haut<\/li>\n<li data-section-id=\"1ofnry7\" data-start=\"1861\" data-end=\"1904\">Gereizten oder unangenehmen Hautstellen<\/li>\n<\/ul>\n<p data-start=\"1906\" data-end=\"2053\"><strong>Zu 99 % aus Inhaltsstoffen nat\u00fcrlichen Ursprungs<\/strong>: GEL DES ALPES vereint Schweizer Alpenpflanzen, Aloe Vera, Nachtkerzen\u00f6l und Kornblumenwasser.<\/p>\n<p data-start=\"2055\" data-end=\"2139\">Die leichte, frische Textur zieht schnell ein und sorgt f\u00fcr sofortiges Wohlbefinden.<\/p>\n<p data-start=\"2141\" data-end=\"2323\">Dermatologisch getestet: Bereits nach 30 Minuten wird die Haut beruhigt, und Anwender berichten \u00fcber eine Linderung gereizter Hautstellen sowie eine sichtbare Reduktion von R\u00f6tungen.<\/p>\n","protected":false},"excerpt":{"rendered":"<p>Empfindliche, gereizte, strapazierte oder reaktive Haut?<br \/>\nSOS REPAIR &amp; COMFORT<\/p>\n","protected":false},"featured_media":12784,"comment_status":"open","ping_status":"closed","template":"","meta":{"_acf_changed":false},"product_brand":[],"product_cat":[122],"product_tag":[119],"class_list":{"0":"post-12778","1":"product","2":"type-product","3":"status-publish","4":"has-post-thumbnail","6":"product_cat-uncategorized-de","7":"product_tag-produkte-aus-den-alpen","9":"first","10":"instock","11":"taxable","12":"shipping-taxable","13":"purchasable","14":"product-type-variable"},"acf":[],"_links":{"self":[{"href":"https:\/\/www.pharmalp.ch\/de\/wp-json\/wp\/v2\/product\/12778","targetHints":{"allow":["GET"]}}],"collection":[{"href":"https:\/\/www.pharmalp.ch\/de\/wp-json\/wp\/v2\/product"}],"about":[{"href":"https:\/\/www.pharmalp.ch\/de\/wp-json\/wp\/v2\/types\/product"}],"replies":[{"embeddable":true,"href":"https:\/\/www.pharmalp.ch\/de\/wp-json\/wp\/v2\/comments?post=12778"}],"wp:featuredmedia":[{"embeddable":true,"href":"https:\/\/www.pharmalp.ch\/de\/wp-json\/wp\/v2\/media\/12784"}],"wp:attachment":[{"href":"https:\/\/www.pharmalp.ch\/de\/wp-json\/wp\/v2\/media?parent=12778"}],"wp:term":[{"taxonomy":"product_brand","embeddable":true,"href":"https:\/\/www.pharmalp.ch\/de\/wp-json\/wp\/v2\/product_brand?post=12778"},{"taxonomy":"product_cat","embeddable":true,"href":"https:\/\/www.pharmalp.ch\/de\/wp-json\/wp\/v2\/product_cat?post=12778"},{"taxonomy":"product_tag","embeddable":true,"href":"https:\/\/www.pharmalp.ch\/de\/wp-json\/wp\/v2\/product_tag?post=12778"}],"curies":[{"name":"wp","href":"https:\/\/api.w.org\/{rel}","templated":true}]}}