{"id":12399,"date":"2026-02-17T09:23:33","date_gmt":"2026-02-17T09:23:33","guid":{"rendered":"https:\/\/www.pharmalp.ch\/?post_type=product&#038;p=12399"},"modified":"2026-03-31T06:32:31","modified_gmt":"2026-03-31T06:32:31","slug":"florevia-care-intime","status":"publish","type":"product","link":"https:\/\/www.pharmalp.ch\/de\/produit\/florevia-care-intime\/","title":{"rendered":"FLOREVIA CARE INTIME"},"content":{"rendered":"<p data-start=\"194\" data-end=\"241\"><strong data-start=\"194\" data-end=\"241\">Juckreiz, Trockenheit, Brennen, Unwohlsein?<\/strong><\/p>\n<p data-start=\"243\" data-end=\"475\"><strong data-start=\"243\" data-end=\"306\">FLOREVIA CARE INTIME: Die Intimpflege der neuen Generation!<\/strong><br data-start=\"306\" data-end=\"309\" \/><strong>Eine 2-in-1<\/strong>-L\u00f6sung f\u00fcr eine umfassende Wirkung bei Intimbeschwerden: sanfte Waschlotion zum Absp\u00fclen <strong>(rinse-off)<\/strong> und\/oder beruhigende Pflege ohne Absp\u00fclen<strong> (leave-on).<\/strong><\/p>\n<p data-start=\"477\" data-end=\"571\"><strong data-start=\"477\" data-end=\"569\">Innovative, nat\u00fcrliche und gepr\u00fcfte Formel, die schnell beruhigt und nachhaltig sch\u00fctzt:<\/strong><\/p>\n<ul data-start=\"572\" data-end=\"898\">\n<li data-start=\"572\" data-end=\"617\">\n<p data-start=\"574\" data-end=\"617\">Pflanzenkomplex + Pr\u00e4biotika + Milchs\u00e4ure<\/p>\n<\/li>\n<li data-start=\"618\" data-end=\"662\">\n<p data-start=\"620\" data-end=\"662\"><strong>99 %<\/strong> Inhaltsstoffe nat\u00fcrlichen Ursprungs<\/p>\n<\/li>\n<li data-start=\"663\" data-end=\"728\">\n<p data-start=\"665\" data-end=\"728\">Ohne <strong>Duftstoffe, ohne Seife, ohne Allergene, pH-neutral<\/strong> (4,5)<\/p>\n<\/li>\n<li data-start=\"729\" data-end=\"898\">\n<p data-start=\"731\" data-end=\"898\">Von Anwenderinnen unter gyn\u00e4kologischer Kontrolle getestet: hilft, Irritationsgef\u00fchle zu lindern und Beschwerden im Zusammenhang mit intimer Trockenheit zu reduzieren.<\/p>\n<\/li>\n<\/ul>\n","protected":false},"excerpt":{"rendered":"<p>Juckt\u2019s? Brennt\u2019s? Wir handeln.<br data-start=\"140\" data-end=\"143\" \/><strong data-start=\"143\" data-end=\"165\">2-in-1-Intimpflege<\/strong><\/p>\n","protected":false},"featured_media":12962,"comment_status":"open","ping_status":"closed","template":"","meta":{"_acf_changed":false},"product_brand":[],"product_cat":[122],"product_tag":[120],"class_list":{"0":"post-12399","1":"product","2":"type-product","3":"status-publish","4":"has-post-thumbnail","6":"product_cat-uncategorized-de","7":"product_tag-frauengesundheit","9":"first","10":"instock","11":"taxable","12":"shipping-taxable","13":"purchasable","14":"product-type-variable","15":"has-default-attributes"},"acf":[],"_links":{"self":[{"href":"https:\/\/www.pharmalp.ch\/de\/wp-json\/wp\/v2\/product\/12399","targetHints":{"allow":["GET"]}}],"collection":[{"href":"https:\/\/www.pharmalp.ch\/de\/wp-json\/wp\/v2\/product"}],"about":[{"href":"https:\/\/www.pharmalp.ch\/de\/wp-json\/wp\/v2\/types\/product"}],"replies":[{"embeddable":true,"href":"https:\/\/www.pharmalp.ch\/de\/wp-json\/wp\/v2\/comments?post=12399"}],"wp:featuredmedia":[{"embeddable":true,"href":"https:\/\/www.pharmalp.ch\/de\/wp-json\/wp\/v2\/media\/12962"}],"wp:attachment":[{"href":"https:\/\/www.pharmalp.ch\/de\/wp-json\/wp\/v2\/media?parent=12399"}],"wp:term":[{"taxonomy":"product_brand","embeddable":true,"href":"https:\/\/www.pharmalp.ch\/de\/wp-json\/wp\/v2\/product_brand?post=12399"},{"taxonomy":"product_cat","embeddable":true,"href":"https:\/\/www.pharmalp.ch\/de\/wp-json\/wp\/v2\/product_cat?post=12399"},{"taxonomy":"product_tag","embeddable":true,"href":"https:\/\/www.pharmalp.ch\/de\/wp-json\/wp\/v2\/product_tag?post=12399"}],"curies":[{"name":"wp","href":"https:\/\/api.w.org\/{rel}","templated":true}]}}