{"id":12340,"date":"2026-02-12T09:05:59","date_gmt":"2026-02-12T09:05:59","guid":{"rendered":"https:\/\/www.pharmalp.ch\/?post_type=product&#038;p=12340"},"modified":"2026-02-24T08:21:12","modified_gmt":"2026-02-24T08:21:12","slug":"herzenergie-pack-fuer-zwei","status":"publish","type":"product","link":"https:\/\/www.pharmalp.ch\/de\/produit\/herzenergie-pack-fuer-zwei\/","title":{"rendered":"Herzenergie-Pack f\u00fcr zwei"},"content":{"rendered":"<p><strong>Sich gemeinsam um das Herz k\u00fcmmern. <\/strong>Ein einfacher Schritt\u00a0<strong><b>f\u00fcr heute und morgen<\/b><\/strong><\/p>\n<p>Herzwohlbefinden entsteht Tag f\u00fcr Tag \u2013 zu zweit.<br \/>\nErn\u00e4hrung, Stress, Lebensrhythmus \u2026 viele Faktoren beeinflussen das kardiovaskul\u00e4re Wohlbefinden im Laufe der Zeit.<\/p>\n<p>Das <strong>Herz-Gesundheits-Pack, Duo <a href=\"https:\/\/www.pharmalp.ch\/de\/produit\/hibiscol\/\">HIBISCOL\u00ae<\/a><\/strong>, wurde entwickelt, um Paare bei einem sanften und nat\u00fcrlichen Pr\u00e4ventionsansatz zu begleiten \u2013 mit Unterst\u00fctzung f\u00fcr Herz und Arterien im Alltag.<\/p>\n<p>&nbsp;<\/p>\n<p><strong>Ziele des Packs<\/strong><br \/>\n\u2022 Das kardiovaskul\u00e4re Wohlbefinden unterst\u00fctzen \u2013 besonders f\u00fcr Paare, die sich gemeinsam um ihr Herz k\u00fcmmern m\u00f6chten<br \/>\n\u2022 Personen begleiten, die auf Cholesterin und Blutdruck achten<br \/>\n\u2022 Einen einfachen, nat\u00fcrlichen und pr\u00e4ventiven Ansatz im Alltag\u00a0<b>im Rahmen eines ausgewogenen Lebensstils unterst\u00fctzen.\u00a0<\/b><\/p>\n<p>&nbsp;<\/p>\n<p><strong><a href=\"https:\/\/www.pharmalp.ch\/de\/produit\/hibiscol\/\">HIBISCOL\u00ae<\/a>:<\/strong> mit Hibiskus, Aronia und Vitamin B1, das zu einer normalen Herzfunktion beitr\u00e4gt.<\/p>\n","protected":false},"excerpt":{"rendered":"<p>Herz-Gesundheits-Pack zu zweit<\/p>\n","protected":false},"featured_media":12348,"comment_status":"open","ping_status":"closed","template":"","meta":{"_acf_changed":false},"product_brand":[],"product_cat":[122],"product_tag":[120,111],"class_list":{"0":"post-12340","1":"product","2":"type-product","3":"status-publish","4":"has-post-thumbnail","6":"product_cat-uncategorized-de","7":"product_tag-frauengesundheit","8":"product_tag-herz-arterien","10":"first","11":"instock","12":"taxable","13":"shipping-taxable","14":"purchasable","15":"product-type-variable"},"acf":[],"_links":{"self":[{"href":"https:\/\/www.pharmalp.ch\/de\/wp-json\/wp\/v2\/product\/12340","targetHints":{"allow":["GET"]}}],"collection":[{"href":"https:\/\/www.pharmalp.ch\/de\/wp-json\/wp\/v2\/product"}],"about":[{"href":"https:\/\/www.pharmalp.ch\/de\/wp-json\/wp\/v2\/types\/product"}],"replies":[{"embeddable":true,"href":"https:\/\/www.pharmalp.ch\/de\/wp-json\/wp\/v2\/comments?post=12340"}],"wp:featuredmedia":[{"embeddable":true,"href":"https:\/\/www.pharmalp.ch\/de\/wp-json\/wp\/v2\/media\/12348"}],"wp:attachment":[{"href":"https:\/\/www.pharmalp.ch\/de\/wp-json\/wp\/v2\/media?parent=12340"}],"wp:term":[{"taxonomy":"product_brand","embeddable":true,"href":"https:\/\/www.pharmalp.ch\/de\/wp-json\/wp\/v2\/product_brand?post=12340"},{"taxonomy":"product_cat","embeddable":true,"href":"https:\/\/www.pharmalp.ch\/de\/wp-json\/wp\/v2\/product_cat?post=12340"},{"taxonomy":"product_tag","embeddable":true,"href":"https:\/\/www.pharmalp.ch\/de\/wp-json\/wp\/v2\/product_tag?post=12340"}],"curies":[{"name":"wp","href":"https:\/\/api.w.org\/{rel}","templated":true}]}}