{"id":12319,"date":"2026-02-12T08:32:19","date_gmt":"2026-02-12T08:32:19","guid":{"rendered":"https:\/\/www.pharmalp.ch\/?post_type=product&#038;p=12319"},"modified":"2026-02-24T08:53:59","modified_gmt":"2026-02-24T08:53:59","slug":"trio-sport-pack","status":"publish","type":"product","link":"https:\/\/www.pharmalp.ch\/de\/produit\/trio-sport-pack\/","title":{"rendered":"Trio Sport-Pack"},"content":{"rendered":"<p><strong>Nat\u00fcrliche Unterst\u00fctzung f\u00fcr Leistung und Erholung<\/strong><br \/>\nSportlerinnen und Sportler haben spezifische N\u00e4hrstoffbed\u00fcrfnisse, die eine ausgewogene Ern\u00e4hrung nicht immer vollst\u00e4ndig abdeckt: Stressmanagement, Verdauungsbalance, Eisenversorgung \u2026<\/p>\n<p>Bei intensiver oder wiederholter Belastung k\u00f6nnen die nat\u00fcrlichen Mechanismen des K\u00f6rpers stark beansprucht sein. Dann kann es sinnvoll sein, den Organismus mit nat\u00fcrlichen, gezielten und gut vertr\u00e4glichen L\u00f6sungen zu unterst\u00fctzen.<\/p>\n<p>Bei Pharmalp haben wir ein einfaches und wirksames Protokoll entwickelt, das mit den meisten Trainingspl\u00e4nen kompatibel ist \u2013 egal ob Ausdauer- oder Explosivsport:<\/p>\n<p><strong>Ziel des Programms = <b>verbessern<\/b><\/strong><br \/>\n\u2022 Verdauungs-, Energie- und Konzentrationsvorbereitung f\u00fcr \/ auf intensive Belastung<br \/>\n\u2022 Verdauungs- und Regenerationsprozesse nach dem Training\/Wettkampf begleiten<br \/>\n\u2022 \u00a0Unterst\u00fctzung der Eisenversorgung \u2013 insbesondere bei vegetarischer Ern\u00e4hrung oder erh\u00f6htem Bedarf (z. B. sportliche Frauen)<\/p>\n<p>&nbsp;<\/p>\n<p><strong><a href=\"https:\/\/www.pharmalp.ch\/de\/produit\/pharmalp-microbiota\/\">PHARMALP MICROBIOTA<\/a>: Darmkomfort &amp; Ausdauer<\/strong><\/p>\n<ul>\n<li>Ein ausgeglichenes Darmflora \u2013 eine wichtige Basis f\u00fcr Leistungsf\u00e4higkeit.<\/li>\n<li>Unterst\u00fctzt den Verdauungskomfort, wichtig w\u00e4hrend der Belastung<\/li>\n<li>Unterst\u00fctzt die <b>Energiegewinnung\u00a0<\/b>und die Ausdauer<\/li>\n<li>Tr\u00e4gt zur Verringerung von M\u00fcdigkeit bei und unterst\u00fctzt die Erholung<\/li>\n<li>Sch\u00fctzt die Zellen vor oxidativem Stress im Zusammenhang mit k\u00f6rperlicher Belastung<\/li>\n<\/ul>\n<p><strong>Vitamin B2<\/strong> tr\u00e4gt zu einem normalen Energiestoffwechsel bei, zur Erhaltung normaler Schleimh\u00e4ute, zum Schutz der Zellen vor oxidativem Stress und zur Verringerung von M\u00fcdigkeit.<\/p>\n<p>&nbsp;<\/p>\n<p><strong><a href=\"https:\/\/www.pharmalp.ch\/de\/produit\/spirul-1\/\">SPIRUL-1\u00ae<\/a>: Ausdauer &amp; nat\u00fcrliche Erholung<\/strong><\/p>\n<ul>\n<li>Tr\u00e4gt zur Verringerung von M\u00fcdigkeit bei<\/li>\n<li>Unterst\u00fctzt den normalen Sauerstofftransport \u2013 wichtig f\u00fcr Ausdauerleistung<\/li>\n<li>Unterst\u00fctzt die Eisenversorgung, besonders bei Sportlerinnen\/Sportlern, sportlichen Frauen und Vegetarierinnen\/Vegetariern<\/li>\n<li>Nat\u00fcrliche antioxidative Wirkung zur besseren Regeneration nach der Belastung<\/li>\n<\/ul>\n<p><strong>Eisen<\/strong> tr\u00e4gt zur Verringerung von M\u00fcdigkeit bei und zu einem normalen Sauerstofftransport im K\u00f6rper.<\/p>\n<p>&nbsp;<\/p>\n<p><strong><a href=\"https:\/\/www.pharmalp.ch\/de\/produit\/pharmalp-boost\/\">PHARMALP BOOST<\/a>: Energie, Fokus &amp; muskul\u00e4re Unterst\u00fctzung<\/strong><\/p>\n<ul>\n<li>Unterst\u00fctzt Konzentration und mentale Vitalit\u00e4t w\u00e4hrend der Belastung<\/li>\n<li>Unterst\u00fctzt ein dauerhaft stabiles Energielevel<\/li>\n<li>Tr\u00e4gt zu einer normalen Muskelfunktion bei<\/li>\n<li>Tr\u00e4gt zum Elektrolytgleichgewicht bei und unterst\u00fctzt so den K\u00f6rper bei Belastung<\/li>\n<\/ul>\n<p><strong>Vitamin B1 und Magnesium<\/strong> tragen zu einem normalen Energiestoffwechsel und zu normalen psychologischen Funktionen bei.<br \/>\n<strong>Magnesium<\/strong> tr\u00e4gt zu einer normalen Muskelfunktion und zum Elektrolytgleichgewicht bei.<\/p>\n<p>&nbsp;<\/p>\n","protected":false},"excerpt":{"rendered":"<p>Trio Sport-Pack<\/p>\n","protected":false},"featured_media":12372,"comment_status":"open","ping_status":"closed","template":"","meta":{"_acf_changed":false},"product_brand":[],"product_cat":[122],"product_tag":[],"class_list":{"0":"post-12319","1":"product","2":"type-product","3":"status-publish","4":"has-post-thumbnail","6":"product_cat-uncategorized-de","8":"first","9":"instock","10":"taxable","11":"shipping-taxable","12":"purchasable","13":"product-type-variable"},"acf":[],"_links":{"self":[{"href":"https:\/\/www.pharmalp.ch\/de\/wp-json\/wp\/v2\/product\/12319","targetHints":{"allow":["GET"]}}],"collection":[{"href":"https:\/\/www.pharmalp.ch\/de\/wp-json\/wp\/v2\/product"}],"about":[{"href":"https:\/\/www.pharmalp.ch\/de\/wp-json\/wp\/v2\/types\/product"}],"replies":[{"embeddable":true,"href":"https:\/\/www.pharmalp.ch\/de\/wp-json\/wp\/v2\/comments?post=12319"}],"wp:featuredmedia":[{"embeddable":true,"href":"https:\/\/www.pharmalp.ch\/de\/wp-json\/wp\/v2\/media\/12372"}],"wp:attachment":[{"href":"https:\/\/www.pharmalp.ch\/de\/wp-json\/wp\/v2\/media?parent=12319"}],"wp:term":[{"taxonomy":"product_brand","embeddable":true,"href":"https:\/\/www.pharmalp.ch\/de\/wp-json\/wp\/v2\/product_brand?post=12319"},{"taxonomy":"product_cat","embeddable":true,"href":"https:\/\/www.pharmalp.ch\/de\/wp-json\/wp\/v2\/product_cat?post=12319"},{"taxonomy":"product_tag","embeddable":true,"href":"https:\/\/www.pharmalp.ch\/de\/wp-json\/wp\/v2\/product_tag?post=12319"}],"curies":[{"name":"wp","href":"https:\/\/api.w.org\/{rel}","templated":true}]}}