{"id":12274,"date":"2026-02-11T12:49:34","date_gmt":"2026-02-11T12:49:34","guid":{"rendered":"https:\/\/www.pharmalp.ch\/?post_type=product&#038;p=12274"},"modified":"2026-02-24T08:35:20","modified_gmt":"2026-02-24T08:35:20","slug":"packung-immunitat-und-energie-copie","status":"publish","type":"product","link":"https:\/\/www.pharmalp.ch\/de\/produit\/packung-immunitat-und-energie-copie\/","title":{"rendered":"Vitalit\u00e4ts-Pack"},"content":{"rendered":"<p>Die ideale Kombination, um gute Vors\u00e4tze in echte Gewohnheiten zu verwandeln.<\/p>\n<p>Wieder mit Sport starten, gute Vors\u00e4tze durchziehen, neuen Schwung finden \u2026 daf\u00fcr braucht es vor allem eines: Energie, um \u00fcberhaupt loszulegen.<br \/>\nMit dem Pharmalp Vitalit\u00e4ts-Pack bekommt Ihr K\u00f6rper, was er braucht, um stark zu starten und dranzubleiben.<\/p>\n<p>&nbsp;<\/p>\n<p><strong><a href=\"https:\/\/www.pharmalp.ch\/de\/produit\/spirul-1\/\">SPIRUL-1\u00ae<\/a> + <a href=\"https:\/\/www.pharmalp.ch\/de\/produit\/pharmalp-boost\/\">PHARMALP BOOST<\/a><\/strong><\/p>\n<ul>\n<li><strong>SPIRUL-1\u00ae<\/strong> unterst\u00fctzt die nat\u00fcrliche Vitalit\u00e4t, tr\u00e4gt zur Verringerung von M\u00fcdigkeit bei* Und begleitet den K\u00f6rper bei\u00a0<b>Belastung und in Phasen des Wiedereinstiegs<\/b><br \/>\n<strong>Dosierung:<\/strong> 1 Tablette\/Tag w\u00e4hrend 1 Monat<\/li>\n<li><strong>PHARMALP BOOST<\/strong> unterst\u00fctzt Energie, Motivation sowie k\u00f6rperliche und mentale Leistungsf\u00e4higkeit**.<br \/>\n<strong>Dosierung:<\/strong> 1 Tablette\/Tag morgens, w\u00e4hrend 20 Tagen<\/li>\n<\/ul>\n<p>Das Ergebnis? Mehr Ausdauer, weniger Energietiefs und Motivation, die dranbleibt.<\/p>\n<p>&nbsp;<\/p>\n<p><em>*Eisen tr\u00e4gt zu einem normalen Energiestoffwechsel bei und zur Verringerung von M\u00fcdigkeit.<\/em><br \/>\n<em>**Magnesium tr\u00e4gt zu einem normalen Energiestoffwechsel und zur Verringerung von M\u00fcdigkeit bei. Vitamin B1 tr\u00e4gt zu einer normalen Funktion des Nervensystems bei.<\/em><\/p>\n","protected":false},"excerpt":{"rendered":"<p>Vitalit\u00e4ts-Pack<\/p>\n","protected":false},"featured_media":12280,"comment_status":"open","ping_status":"closed","template":"","meta":{"_acf_changed":false},"product_brand":[],"product_cat":[122],"product_tag":[],"class_list":{"0":"post-12274","1":"product","2":"type-product","3":"status-publish","4":"has-post-thumbnail","6":"product_cat-uncategorized-de","8":"first","9":"instock","10":"taxable","11":"shipping-taxable","12":"purchasable","13":"product-type-variable","14":"has-default-attributes"},"acf":[],"_links":{"self":[{"href":"https:\/\/www.pharmalp.ch\/de\/wp-json\/wp\/v2\/product\/12274","targetHints":{"allow":["GET"]}}],"collection":[{"href":"https:\/\/www.pharmalp.ch\/de\/wp-json\/wp\/v2\/product"}],"about":[{"href":"https:\/\/www.pharmalp.ch\/de\/wp-json\/wp\/v2\/types\/product"}],"replies":[{"embeddable":true,"href":"https:\/\/www.pharmalp.ch\/de\/wp-json\/wp\/v2\/comments?post=12274"}],"wp:featuredmedia":[{"embeddable":true,"href":"https:\/\/www.pharmalp.ch\/de\/wp-json\/wp\/v2\/media\/12280"}],"wp:attachment":[{"href":"https:\/\/www.pharmalp.ch\/de\/wp-json\/wp\/v2\/media?parent=12274"}],"wp:term":[{"taxonomy":"product_brand","embeddable":true,"href":"https:\/\/www.pharmalp.ch\/de\/wp-json\/wp\/v2\/product_brand?post=12274"},{"taxonomy":"product_cat","embeddable":true,"href":"https:\/\/www.pharmalp.ch\/de\/wp-json\/wp\/v2\/product_cat?post=12274"},{"taxonomy":"product_tag","embeddable":true,"href":"https:\/\/www.pharmalp.ch\/de\/wp-json\/wp\/v2\/product_tag?post=12274"}],"curies":[{"name":"wp","href":"https:\/\/api.w.org\/{rel}","templated":true}]}}