{"id":12084,"date":"2026-01-22T15:43:26","date_gmt":"2026-01-22T15:43:26","guid":{"rendered":"https:\/\/www.pharmalp.ch\/?post_type=product&#038;p=12084"},"modified":"2026-01-27T07:57:00","modified_gmt":"2026-01-27T07:57:00","slug":"pack-duo-pro-a","status":"publish","type":"product","link":"https:\/\/www.pharmalp.ch\/de\/produit\/pack-duo-pro-a\/","title":{"rendered":"Pack DUO PRO-A"},"content":{"rendered":"<p data-start=\"166\" data-end=\"211\"><strong data-start=\"166\" data-end=\"209\">2 Packungen PHARMALP PRO-A \u2013 30 Kapseln<\/strong><\/p>\n<p>&nbsp;<\/p>\n<p data-start=\"213\" data-end=\"411\"><strong data-start=\"213\" data-end=\"230\">Warum im Duo?<\/strong><br data-start=\"230\" data-end=\"233\" \/>F\u00fcr die Portemonnaies von Familien, Verliebten und allen, die im Fr\u00fchling genug haben von Pollen \u2013 und von einem K\u00f6rper, der \u00fcberm\u00e4ssig reagiert (Pollen, Gr\u00e4ser, Staub, Laktose).<\/p>\n<p data-start=\"413\" data-end=\"450\"><strong data-start=\"413\" data-end=\"450\">Das DUO-Pack PRO-A (2\u00d730 Kapseln)<\/strong><\/p>\n<p>&nbsp;<\/p>\n<p data-start=\"452\" data-end=\"718\"><strong data-start=\"452\" data-end=\"481\">Der ideale Begleiter, um:<\/strong><\/p>\n<ul>\n<li>Sich gut auf die Pollensaison vorzubereiten und sie gelassener zu begleiten<\/li>\n<li>\u00a0\u00dcbersteigerte Reaktionen des K\u00f6rpers zu begleiten (Atemwege, Haut, Darm)<\/li>\n<li>Weniger auf punktuelle, schlecht vertr\u00e4gliche Produkte angewiesen zu sein<\/li>\n<\/ul>\n","protected":false},"excerpt":{"rendered":"<p>Pollen? Gr\u00e4ser? Andere Allergene?<\/p>\n","protected":false},"featured_media":12090,"comment_status":"open","ping_status":"closed","template":"","meta":{"_acf_changed":false},"product_brand":[],"product_cat":[122],"product_tag":[118,117,116],"class_list":{"0":"post-12084","1":"product","2":"type-product","3":"status-publish","4":"has-post-thumbnail","6":"product_cat-uncategorized-de","7":"product_tag-fruehling-pollen","8":"product_tag-leistung","9":"product_tag-mikrobiota","11":"first","12":"instock","13":"taxable","14":"shipping-taxable","15":"purchasable","16":"product-type-variable"},"acf":[],"_links":{"self":[{"href":"https:\/\/www.pharmalp.ch\/de\/wp-json\/wp\/v2\/product\/12084","targetHints":{"allow":["GET"]}}],"collection":[{"href":"https:\/\/www.pharmalp.ch\/de\/wp-json\/wp\/v2\/product"}],"about":[{"href":"https:\/\/www.pharmalp.ch\/de\/wp-json\/wp\/v2\/types\/product"}],"replies":[{"embeddable":true,"href":"https:\/\/www.pharmalp.ch\/de\/wp-json\/wp\/v2\/comments?post=12084"}],"wp:featuredmedia":[{"embeddable":true,"href":"https:\/\/www.pharmalp.ch\/de\/wp-json\/wp\/v2\/media\/12090"}],"wp:attachment":[{"href":"https:\/\/www.pharmalp.ch\/de\/wp-json\/wp\/v2\/media?parent=12084"}],"wp:term":[{"taxonomy":"product_brand","embeddable":true,"href":"https:\/\/www.pharmalp.ch\/de\/wp-json\/wp\/v2\/product_brand?post=12084"},{"taxonomy":"product_cat","embeddable":true,"href":"https:\/\/www.pharmalp.ch\/de\/wp-json\/wp\/v2\/product_cat?post=12084"},{"taxonomy":"product_tag","embeddable":true,"href":"https:\/\/www.pharmalp.ch\/de\/wp-json\/wp\/v2\/product_tag?post=12084"}],"curies":[{"name":"wp","href":"https:\/\/api.w.org\/{rel}","templated":true}]}}