{"id":12000,"date":"2026-01-15T10:33:05","date_gmt":"2026-01-15T10:33:05","guid":{"rendered":"https:\/\/www.pharmalp.ch\/?post_type=product&#038;p=12000"},"modified":"2026-01-21T10:47:55","modified_gmt":"2026-01-21T10:47:55","slug":"pharmalp-microbiota-copie","status":"publish","type":"product","link":"https:\/\/www.pharmalp.ch\/de\/produit\/pharmalp-microbiota-copie\/","title":{"rendered":"Pack DUO MICROBIOTA"},"content":{"rendered":"<p data-start=\"203\" data-end=\"259\"><strong>2 Packungen PHARMALP MICROBIOTA \u2013 30 Kapseln (MHD 12\/26)<\/strong><\/p>\n<p data-start=\"261\" data-end=\"694\"><strong data-start=\"261\" data-end=\"279\">Warum als Duo?<\/strong><br data-start=\"279\" data-end=\"282\" \/>Weil man in der Familie alles teilt \u2026 auch die kleinen Phasen mit \u00abempfindlichem Bauch\u00bb.<\/p>\n<p data-start=\"261\" data-end=\"694\"><br data-start=\"370\" data-end=\"373\" \/>Das <strong>DUO PACK MICROBIOTA<\/strong> ist ideal f\u00fcr Paare und Familien, die eine praktische L\u00f6sung suchen, die sich einfach und unkompliziert in die t\u00e4gliche Routine integrieren l\u00e4sst.<br data-start=\"543\" data-end=\"546\" \/><strong>Stress, Jahreszeitenwechsel, die Einnahme von Medikamenten, Reisen<\/strong> \u2026 das Mikrobiom kann aus dem Gleichgewicht geraten und zu Darmbeschwerden f\u00fchren.<\/p>\n<p data-start=\"261\" data-end=\"694\">\n<p data-start=\"696\" data-end=\"960\"><strong>PHARMALP MICROBIOTA<\/strong> ist ein Nahrungserg\u00e4nzungsmittel mit n\u00fctzlichen Bakterien, das dazu beitr\u00e4gt:<\/p>\n<p data-start=\"696\" data-end=\"960\"><br data-start=\"793\" data-end=\"796\" \/>\u2022<strong> das Mikrobiom zu st\u00e4rken<\/strong> \u2013 ein wichtiger Faktor f\u00fcr die Verdauungsgesundheit und das Wohlbefinden<br data-start=\"895\" data-end=\"898\" \/>\u2022<strong> den Verdauungskomfort bei Darmbeschwerden zu unterst\u00fctzen*<\/strong><\/p>\n<p class=\"\" data-start=\"724\" data-end=\"783\"><em>* Vitamin B2 tr\u00e4gt zur Erhaltung normaler Schleimh\u00e4ute bei<\/em><\/p>\n","protected":false},"excerpt":{"rendered":"<p>Ihr Mikrobiom wird es Ihnen danken!<\/p>\n","protected":false},"featured_media":12010,"comment_status":"open","ping_status":"closed","template":"","meta":{"_acf_changed":false},"product_brand":[],"product_cat":[122],"product_tag":[116],"class_list":{"0":"post-12000","1":"product","2":"type-product","3":"status-publish","4":"has-post-thumbnail","6":"product_cat-uncategorized-de","7":"product_tag-mikrobiota","9":"first","10":"instock","11":"taxable","12":"shipping-taxable","13":"purchasable","14":"product-type-variable"},"acf":[],"_links":{"self":[{"href":"https:\/\/www.pharmalp.ch\/de\/wp-json\/wp\/v2\/product\/12000","targetHints":{"allow":["GET"]}}],"collection":[{"href":"https:\/\/www.pharmalp.ch\/de\/wp-json\/wp\/v2\/product"}],"about":[{"href":"https:\/\/www.pharmalp.ch\/de\/wp-json\/wp\/v2\/types\/product"}],"replies":[{"embeddable":true,"href":"https:\/\/www.pharmalp.ch\/de\/wp-json\/wp\/v2\/comments?post=12000"}],"wp:featuredmedia":[{"embeddable":true,"href":"https:\/\/www.pharmalp.ch\/de\/wp-json\/wp\/v2\/media\/12010"}],"wp:attachment":[{"href":"https:\/\/www.pharmalp.ch\/de\/wp-json\/wp\/v2\/media?parent=12000"}],"wp:term":[{"taxonomy":"product_brand","embeddable":true,"href":"https:\/\/www.pharmalp.ch\/de\/wp-json\/wp\/v2\/product_brand?post=12000"},{"taxonomy":"product_cat","embeddable":true,"href":"https:\/\/www.pharmalp.ch\/de\/wp-json\/wp\/v2\/product_cat?post=12000"},{"taxonomy":"product_tag","embeddable":true,"href":"https:\/\/www.pharmalp.ch\/de\/wp-json\/wp\/v2\/product_tag?post=12000"}],"curies":[{"name":"wp","href":"https:\/\/api.w.org\/{rel}","templated":true}]}}