{"id":11679,"date":"2025-12-02T15:54:02","date_gmt":"2025-12-02T15:54:02","guid":{"rendered":"https:\/\/www.pharmalp.ch\/?post_type=product&#038;p=11679"},"modified":"2025-12-18T13:43:28","modified_gmt":"2025-12-18T13:43:28","slug":"winter-entspannungs-set","status":"publish","type":"product","link":"https:\/\/www.pharmalp.ch\/de\/produit\/winter-entspannungs-set\/","title":{"rendered":"Winter-Entspannungs-Set"},"content":{"rendered":"<p data-start=\"4786\" data-end=\"4829\"><a href=\"https:\/\/valyxir.com\/\"><strong>Mit Valyxir<\/strong><\/a><\/p>\n<p>&nbsp;<\/p>\n<p data-start=\"4831\" data-end=\"5214\"><a href=\"https:\/\/valyxir.com\/products\/cleansing-ritual-100-ml\"><strong>Das Reinigungsritual der Alpeng\u00e4rten<\/strong><\/a> reinigt die Haut sanft und spendet dank seiner Extrakte aus Alpenblumen Feuchtigkeit \u2013 f\u00fcr ein beruhigtes und angenehm gepflegtes Hautgef\u00fchl. Erg\u00e4nzend dazu hilft PHARMALP SLEEP \u2013 mit Melisse, Kalifornischem Mohn, Waldmeister, Magnesium und Vitamin B6 \u2013 den K\u00f6rper zu entspannen, M\u00fcdigkeit zu verringern und einen erholsamen Schlaf zu f\u00f6rdern.*<\/p>\n<p>&nbsp;<\/p>\n<p data-start=\"5216\" data-end=\"5285\"><strong>Ein Sch\u00f6nheits- und Wohlf\u00fchlritual f\u00fcr sanfte, ruhige Wintern\u00e4chte.<\/strong><\/p>\n<p>&nbsp;<\/p>\n<p data-start=\"5287\" data-end=\"5420\"><em>*Magnesium und Vitamin B6 tragen zu einer normalen Funktion des Nervensystems und zur Verringerung von M\u00fcdigkeit und Erm\u00fcdung bei.<\/em><\/p>\n","protected":false},"excerpt":{"rendered":"<p>Zur Unterst\u00fctzung der Abwehrkr\u00e4fte vor oder w\u00e4hrend des Winters.<\/p>\n","protected":false},"featured_media":11693,"comment_status":"open","ping_status":"closed","template":"","meta":{"_acf_changed":false},"product_brand":[],"product_cat":[122],"product_tag":[],"class_list":{"0":"post-11679","1":"product","2":"type-product","3":"status-publish","4":"has-post-thumbnail","6":"product_cat-uncategorized-de","8":"first","9":"instock","10":"taxable","11":"shipping-taxable","12":"purchasable","13":"product-type-variable"},"acf":[],"_links":{"self":[{"href":"https:\/\/www.pharmalp.ch\/de\/wp-json\/wp\/v2\/product\/11679","targetHints":{"allow":["GET"]}}],"collection":[{"href":"https:\/\/www.pharmalp.ch\/de\/wp-json\/wp\/v2\/product"}],"about":[{"href":"https:\/\/www.pharmalp.ch\/de\/wp-json\/wp\/v2\/types\/product"}],"replies":[{"embeddable":true,"href":"https:\/\/www.pharmalp.ch\/de\/wp-json\/wp\/v2\/comments?post=11679"}],"wp:featuredmedia":[{"embeddable":true,"href":"https:\/\/www.pharmalp.ch\/de\/wp-json\/wp\/v2\/media\/11693"}],"wp:attachment":[{"href":"https:\/\/www.pharmalp.ch\/de\/wp-json\/wp\/v2\/media?parent=11679"}],"wp:term":[{"taxonomy":"product_brand","embeddable":true,"href":"https:\/\/www.pharmalp.ch\/de\/wp-json\/wp\/v2\/product_brand?post=11679"},{"taxonomy":"product_cat","embeddable":true,"href":"https:\/\/www.pharmalp.ch\/de\/wp-json\/wp\/v2\/product_cat?post=11679"},{"taxonomy":"product_tag","embeddable":true,"href":"https:\/\/www.pharmalp.ch\/de\/wp-json\/wp\/v2\/product_tag?post=11679"}],"curies":[{"name":"wp","href":"https:\/\/api.w.org\/{rel}","templated":true}]}}