{"id":11659,"date":"2025-12-02T14:44:03","date_gmt":"2025-12-02T14:44:03","guid":{"rendered":"https:\/\/www.pharmalp.ch\/?post_type=product&#038;p=11659"},"modified":"2026-02-18T15:30:56","modified_gmt":"2026-02-18T15:30:56","slug":"winter-energie-set","status":"publish","type":"product","link":"https:\/\/www.pharmalp.ch\/de\/produit\/winter-energie-set\/","title":{"rendered":"Winter-Energie-Set"},"content":{"rendered":"<p data-start=\"1627\" data-end=\"1665\"><a href=\"https:\/\/valyxir.com\/\"><strong>Mit Valyxir<\/strong><\/a><\/p>\n<p>&nbsp;<\/p>\n<p data-start=\"1667\" data-end=\"2038\"><a href=\"https:\/\/valyxir.com\/fr\/products\/alpine-flower-face-oil\"><strong>Das Gesichts\u00f6l mit Alpenblumen<\/strong><\/a>, angereichert mit Coenzym Q10, pflegt intensiv und hilft der Haut, ihre Ausstrahlung und ihr Wohlbefinden auch bei kalten Temperaturen wiederzufinden. In Kombination mit <a href=\"https:\/\/www.pharmalp.ch\/de\/produit\/pharmalp-boost\/\"><strong>PHARMALP BOOST<\/strong><\/a> \u2013 Rhodiola, Magnesium und Vitamin B1 \u2013 unterst\u00fctzt es die k\u00f6rperliche und geistige Energie* in Phasen von M\u00fcdigkeit, Stress oder sehr ausgef\u00fcllten Tagen.<\/p>\n<p>&nbsp;<\/p>\n<p data-start=\"2040\" data-end=\"2123\"><strong>Ein Glow-und-Vitalit\u00e4ts-Duo, damit Sie sich von Kopf bis Fuss rundum wohl f\u00fchlen.<\/strong><\/p>\n<p>&nbsp;<\/p>\n<p data-start=\"2125\" data-end=\"2372\"><em>*Magnesium tr\u00e4gt zu einem normalen Energiestoffwechsel und zur Verringerung von M\u00fcdigkeit und Erm\u00fcdung bei. Vitamin B1 (Thiamin) tr\u00e4gt zu einer normalen Funktion des Nervensystems bei.<\/em><\/p>\n","protected":false},"excerpt":{"rendered":"<p>Zur Unterst\u00fctzung der Abwehrkr\u00e4fte vor oder w\u00e4hrend des Winters.<\/p>\n","protected":false},"featured_media":11673,"comment_status":"open","ping_status":"closed","template":"","meta":{"_acf_changed":false},"product_brand":[],"product_cat":[122],"product_tag":[],"class_list":{"0":"post-11659","1":"product","2":"type-product","3":"status-publish","4":"has-post-thumbnail","6":"product_cat-uncategorized-de","8":"first","9":"instock","10":"taxable","11":"shipping-taxable","12":"purchasable","13":"product-type-variable"},"acf":[],"_links":{"self":[{"href":"https:\/\/www.pharmalp.ch\/de\/wp-json\/wp\/v2\/product\/11659","targetHints":{"allow":["GET"]}}],"collection":[{"href":"https:\/\/www.pharmalp.ch\/de\/wp-json\/wp\/v2\/product"}],"about":[{"href":"https:\/\/www.pharmalp.ch\/de\/wp-json\/wp\/v2\/types\/product"}],"replies":[{"embeddable":true,"href":"https:\/\/www.pharmalp.ch\/de\/wp-json\/wp\/v2\/comments?post=11659"}],"wp:featuredmedia":[{"embeddable":true,"href":"https:\/\/www.pharmalp.ch\/de\/wp-json\/wp\/v2\/media\/11673"}],"wp:attachment":[{"href":"https:\/\/www.pharmalp.ch\/de\/wp-json\/wp\/v2\/media?parent=11659"}],"wp:term":[{"taxonomy":"product_brand","embeddable":true,"href":"https:\/\/www.pharmalp.ch\/de\/wp-json\/wp\/v2\/product_brand?post=11659"},{"taxonomy":"product_cat","embeddable":true,"href":"https:\/\/www.pharmalp.ch\/de\/wp-json\/wp\/v2\/product_cat?post=11659"},{"taxonomy":"product_tag","embeddable":true,"href":"https:\/\/www.pharmalp.ch\/de\/wp-json\/wp\/v2\/product_tag?post=11659"}],"curies":[{"name":"wp","href":"https:\/\/api.w.org\/{rel}","templated":true}]}}