{"id":11379,"date":"2025-11-04T15:00:07","date_gmt":"2025-11-04T15:00:07","guid":{"rendered":"https:\/\/www.pharmalp.ch\/?post_type=product&#038;p=11379"},"modified":"2025-12-16T07:55:41","modified_gmt":"2025-12-16T07:55:41","slug":"pastilles-des-alpes-energy","status":"publish","type":"product","link":"https:\/\/www.pharmalp.ch\/de\/produit\/pastilles-des-alpes-energy\/","title":{"rendered":"PASTILLES DES ALPES ENERGY"},"content":{"rendered":"<p data-start=\"866\" data-end=\"928\"><strong data-start=\"866\" data-end=\"926\">Der nat\u00fcrliche, fruchtige Kick, der Ihre Energie* weckt<\/strong><\/p>\n<p>&nbsp;<\/p>\n<p data-start=\"930\" data-end=\"1066\">Mit ihrem feinen Aprikosen- und Aroniageschmack werden <strong data-start=\"985\" data-end=\"1017\">PASTILLES DES ALPES ENERGY*<\/strong> aus sorgf\u00e4ltig ausgew\u00e4hlten Zutaten hergestellt:<\/p>\n<ul data-start=\"1068\" data-end=\"1509\">\n<li data-start=\"1068\" data-end=\"1169\">\n<p data-start=\"1070\" data-end=\"1169\"><strong data-start=\"1070\" data-end=\"1098\">Aprikosen aus dem Wallis<\/strong>, von Natur aus reich an Ballaststoffen, Kohlenhydraten und Vitamin C<\/p>\n<\/li>\n<li data-start=\"1170\" data-end=\"1296\">\n<p data-start=\"1172\" data-end=\"1296\"><strong data-start=\"1172\" data-end=\"1184\">Rhodiola<\/strong>, eine Pflanze, die schon von den Wikingern gesch\u00e4tzt wurde und ihnen vor dem Kampf Kraft und Mut geben sollte<\/p>\n<\/li>\n<li data-start=\"1297\" data-end=\"1380\">\n<p data-start=\"1299\" data-end=\"1380\"><strong data-start=\"1299\" data-end=\"1315\">Aroniabeeren<\/strong>, reich an Polyphenolen und Anthocyanen, starken Antioxidantien<\/p>\n<\/li>\n<li data-start=\"1381\" data-end=\"1509\">\n<p data-start=\"1383\" data-end=\"1509\"><strong data-start=\"1383\" data-end=\"1398\">*Vitamin C<\/strong>, das zu einem normalen Energiestoffwechsel beitr\u00e4gt und zur Verringerung von M\u00fcdigkeit und Erm\u00fcdung beitr\u00e4gt<\/p>\n<\/li>\n<\/ul>\n<p>&nbsp;<\/p>\n","protected":false},"excerpt":{"rendered":"<p>Der fruchtige Kick f\u00fcr Ihre Energie!<\/p>\n","protected":false},"featured_media":11387,"comment_status":"open","ping_status":"closed","template":"","meta":{"_acf_changed":false},"product_brand":[],"product_cat":[122],"product_tag":[113,119],"class_list":{"0":"post-11379","1":"product","2":"type-product","3":"status-publish","4":"has-post-thumbnail","6":"product_cat-uncategorized-de","7":"product_tag-muedigkeit-vitalitaet","8":"product_tag-produkte-aus-den-alpen","10":"first","11":"instock","12":"taxable","13":"shipping-taxable","14":"purchasable","15":"product-type-variable","16":"has-default-attributes"},"acf":[],"_links":{"self":[{"href":"https:\/\/www.pharmalp.ch\/de\/wp-json\/wp\/v2\/product\/11379","targetHints":{"allow":["GET"]}}],"collection":[{"href":"https:\/\/www.pharmalp.ch\/de\/wp-json\/wp\/v2\/product"}],"about":[{"href":"https:\/\/www.pharmalp.ch\/de\/wp-json\/wp\/v2\/types\/product"}],"replies":[{"embeddable":true,"href":"https:\/\/www.pharmalp.ch\/de\/wp-json\/wp\/v2\/comments?post=11379"}],"wp:featuredmedia":[{"embeddable":true,"href":"https:\/\/www.pharmalp.ch\/de\/wp-json\/wp\/v2\/media\/11387"}],"wp:attachment":[{"href":"https:\/\/www.pharmalp.ch\/de\/wp-json\/wp\/v2\/media?parent=11379"}],"wp:term":[{"taxonomy":"product_brand","embeddable":true,"href":"https:\/\/www.pharmalp.ch\/de\/wp-json\/wp\/v2\/product_brand?post=11379"},{"taxonomy":"product_cat","embeddable":true,"href":"https:\/\/www.pharmalp.ch\/de\/wp-json\/wp\/v2\/product_cat?post=11379"},{"taxonomy":"product_tag","embeddable":true,"href":"https:\/\/www.pharmalp.ch\/de\/wp-json\/wp\/v2\/product_tag?post=11379"}],"curies":[{"name":"wp","href":"https:\/\/api.w.org\/{rel}","templated":true}]}}