{"id":11267,"date":"2025-10-22T09:49:30","date_gmt":"2025-10-22T09:49:30","guid":{"rendered":"https:\/\/www.pharmalp.ch\/?post_type=product&#038;p=11267"},"modified":"2025-11-12T08:27:50","modified_gmt":"2025-11-12T08:27:50","slug":"sos-digest-pack","status":"publish","type":"product","link":"https:\/\/www.pharmalp.ch\/de\/produit\/sos-digest-pack\/","title":{"rendered":"SOS Digest Pack"},"content":{"rendered":"<p data-start=\"1754\" data-end=\"1910\"><strong data-start=\"1776\" data-end=\"1825\">EINSTEIGSANGEBOT, f\u00fcr einen beruhigten Bauch:<\/strong> Das <strong>SOS DIGEST Pack<\/strong><br data-start=\"1845\" data-end=\"1848\" \/>Zu \u00fcppig gegessen? Schleiche Verdauung? Verdauungsbeschwerden?<\/p>\n<p>&nbsp;<\/p>\n<p data-start=\"1912\" data-end=\"2020\"><strong data-start=\"1912\" data-end=\"1985\">3 Tage, um wieder ein Gef\u00fchl von Wohlbefinden und Komfort zu erleben!<\/strong><br data-start=\"1985\" data-end=\"1988\" \/>Dieses PHARMALP Pack kombiniert:<\/p>\n<ul data-start=\"2022\" data-end=\"2395\">\n<li data-start=\"2022\" data-end=\"2219\">\n<p data-start=\"2024\" data-end=\"2219\"><strong data-start=\"2024\" data-end=\"2061\"><a href=\"https:\/\/www.pharmalp.ch\/de\/produit\/pharmalp-microbiota\/\">PHARMALP MICROBIOTA<\/a> (10 Kapseln):<\/strong> Getestet bei 80 Personen mit Verdauungsbeschwerden (Bl\u00e4hungen, Bauchschmerzen, Durchfall, Verstopfung): 94 % weniger Verdauungsbeschwerden in nur 3 Tagen*.<\/p>\n<\/li>\n<li data-start=\"2220\" data-end=\"2395\">\n<p data-start=\"2222\" data-end=\"2395\"><a href=\"https:\/\/www.pharmalp.ch\/de\/produit\/pastilles-des-alpes-digest\/\"><strong data-start=\"2222\" data-end=\"2251\">Die Alpenpastillen DIGEST<\/strong><\/a>, f\u00fcr einen frischen, verdauungsfreundlichen Support \u2013 unter anderem dank Calcium, das zu einer normalen Funktion der Verdauungsenzyme beitr\u00e4gt.<\/p>\n<\/li>\n<\/ul>\n<p>&nbsp;<\/p>\n<p data-start=\"2397\" data-end=\"2525\"><em>* Getestet unter Alltagsbedingungen bei 50 Schweizer freiwilligen Personen (Unabh\u00e4ngige Studie Expansion Consulteam, M\u00e4rz 2024)<\/em><\/p>\n","protected":false},"excerpt":{"rendered":"<p>Zur Unterst\u00fctzung der Abwehrkr\u00e4fte vor oder w\u00e4hrend des Winters.<\/p>\n","protected":false},"featured_media":11273,"comment_status":"open","ping_status":"closed","template":"","meta":{"_acf_changed":false},"product_brand":[],"product_cat":[122],"product_tag":[116,119],"class_list":{"0":"post-11267","1":"product","2":"type-product","3":"status-publish","4":"has-post-thumbnail","6":"product_cat-uncategorized-de","7":"product_tag-mikrobiota","8":"product_tag-produkte-aus-den-alpen","10":"first","11":"instock","12":"taxable","13":"shipping-taxable","14":"purchasable","15":"product-type-variable","16":"has-default-attributes"},"acf":[],"_links":{"self":[{"href":"https:\/\/www.pharmalp.ch\/de\/wp-json\/wp\/v2\/product\/11267","targetHints":{"allow":["GET"]}}],"collection":[{"href":"https:\/\/www.pharmalp.ch\/de\/wp-json\/wp\/v2\/product"}],"about":[{"href":"https:\/\/www.pharmalp.ch\/de\/wp-json\/wp\/v2\/types\/product"}],"replies":[{"embeddable":true,"href":"https:\/\/www.pharmalp.ch\/de\/wp-json\/wp\/v2\/comments?post=11267"}],"wp:featuredmedia":[{"embeddable":true,"href":"https:\/\/www.pharmalp.ch\/de\/wp-json\/wp\/v2\/media\/11273"}],"wp:attachment":[{"href":"https:\/\/www.pharmalp.ch\/de\/wp-json\/wp\/v2\/media?parent=11267"}],"wp:term":[{"taxonomy":"product_brand","embeddable":true,"href":"https:\/\/www.pharmalp.ch\/de\/wp-json\/wp\/v2\/product_brand?post=11267"},{"taxonomy":"product_cat","embeddable":true,"href":"https:\/\/www.pharmalp.ch\/de\/wp-json\/wp\/v2\/product_cat?post=11267"},{"taxonomy":"product_tag","embeddable":true,"href":"https:\/\/www.pharmalp.ch\/de\/wp-json\/wp\/v2\/product_tag?post=11267"}],"curies":[{"name":"wp","href":"https:\/\/api.w.org\/{rel}","templated":true}]}}