{"id":10711,"date":"2025-09-03T10:15:57","date_gmt":"2025-09-03T10:15:57","guid":{"rendered":"https:\/\/www.pharmalp.ch\/?post_type=product&#038;p=10711"},"modified":"2025-10-14T06:23:38","modified_gmt":"2025-10-14T06:23:38","slug":"doppelpackung-pharmalp-defenses-copie","status":"publish","type":"product","link":"https:\/\/www.pharmalp.ch\/de\/produit\/doppelpackung-pharmalp-defenses-copie\/","title":{"rendered":"Doppelpackung DEFENSES"},"content":{"rendered":"<p><strong>2 Packungen\u00a0<\/strong><a href=\"https:\/\/www.pharmalp.ch\/de\/produit\/pharmalp-defenses\/\"><strong>PHARMALP DEFENSES<\/strong><\/a><strong>: Immunit\u00e4t f\u00fcr die ganze Familie, auf ganz nat\u00fcrliche Weise.\u00a0<\/strong><\/p>\n<p><strong>1 Packung = 3 Monate Vorsorge!\u00a0<\/strong><\/p>\n<p><strong>Perfekt, um Ihre Gesundheitsroutine in diesem Herbst zu st\u00e4rken\u00a0<\/strong><\/p>\n<p>&nbsp;<\/p>\n<p>Freuen Sie sich auf den Winter und st\u00e4rken Sie bereits jetzt Ihre nat\u00fcrlichen Abwehrkr\u00e4fte* mit diesem Nahrungserg\u00e4nzungsmittel, das <strong>mikrobiotische Bakterien, Pr\u00e4biotika und Zink<\/strong> enth\u00e4lt.<\/p>\n<p>Eine Synergie, die das <strong>Immunsystem* unterst\u00fctzt<\/strong> und <strong>kleinen Winterbeschwerden vorbeugt<\/strong>.<\/p>\n<p>&nbsp;<\/p>\n<p>Weil Gesundheit eine soziale Angelegenheit sein sollte, eignet sich die <strong>Doppelpackung DEFENSES<\/strong> ideal f\u00fcr <strong>Paare oder Familien<\/strong>, die es gemeinsam gesund und munter durch die kalte Jahreszeit schaffen m\u00f6chten.<\/p>\n<p><em>*Zink sorgt f\u00fcr eine normale Funktion des Immunsystems.<\/em><\/p>\n","protected":false},"excerpt":{"rendered":"<p>Zur Unterst\u00fctzung der Abwehrkr\u00e4fte vor oder w\u00e4hrend des Winters.<\/p>\n","protected":false},"featured_media":11944,"comment_status":"open","ping_status":"closed","template":"","meta":{"_acf_changed":false},"product_brand":[],"product_cat":[122],"product_tag":[114,116],"class_list":{"0":"post-10711","1":"product","2":"type-product","3":"status-publish","4":"has-post-thumbnail","6":"product_cat-uncategorized-de","7":"product_tag-immunsystem","8":"product_tag-mikrobiota","10":"first","11":"instock","12":"taxable","13":"shipping-taxable","14":"purchasable","15":"product-type-variable","16":"has-default-attributes"},"acf":[],"_links":{"self":[{"href":"https:\/\/www.pharmalp.ch\/de\/wp-json\/wp\/v2\/product\/10711","targetHints":{"allow":["GET"]}}],"collection":[{"href":"https:\/\/www.pharmalp.ch\/de\/wp-json\/wp\/v2\/product"}],"about":[{"href":"https:\/\/www.pharmalp.ch\/de\/wp-json\/wp\/v2\/types\/product"}],"replies":[{"embeddable":true,"href":"https:\/\/www.pharmalp.ch\/de\/wp-json\/wp\/v2\/comments?post=10711"}],"wp:featuredmedia":[{"embeddable":true,"href":"https:\/\/www.pharmalp.ch\/de\/wp-json\/wp\/v2\/media\/11944"}],"wp:attachment":[{"href":"https:\/\/www.pharmalp.ch\/de\/wp-json\/wp\/v2\/media?parent=10711"}],"wp:term":[{"taxonomy":"product_brand","embeddable":true,"href":"https:\/\/www.pharmalp.ch\/de\/wp-json\/wp\/v2\/product_brand?post=10711"},{"taxonomy":"product_cat","embeddable":true,"href":"https:\/\/www.pharmalp.ch\/de\/wp-json\/wp\/v2\/product_cat?post=10711"},{"taxonomy":"product_tag","embeddable":true,"href":"https:\/\/www.pharmalp.ch\/de\/wp-json\/wp\/v2\/product_tag?post=10711"}],"curies":[{"name":"wp","href":"https:\/\/api.w.org\/{rel}","templated":true}]}}