{"id":10564,"date":"2025-08-27T13:50:13","date_gmt":"2025-08-27T13:50:13","guid":{"rendered":"https:\/\/www.pharmalp.ch\/?post_type=product&#038;p=10564"},"modified":"2026-02-24T08:32:52","modified_gmt":"2026-02-24T08:32:52","slug":"pharmalp-erholungspaket","status":"publish","type":"product","link":"https:\/\/www.pharmalp.ch\/de\/produit\/pharmalp-erholungspaket\/","title":{"rendered":"Erholungspaket"},"content":{"rendered":"<p data-start=\"226\" data-end=\"364\"><strong data-start=\"226\" data-end=\"275\"><b>Erholungspaket nach dem Winter &amp; Saisonwechsel<\/b><\/strong><br data-start=\"275\" data-end=\"278\" \/>Der Winter hat Spuren hinterlassen? G\u00f6nnen Sie Ihrem K\u00f6rper den Reset, den er braucht!<\/p>\n<p data-start=\"366\" data-end=\"743\">Wenn der Winter zu Ende geht, merkt man es oft deutlich: anhaltende M\u00fcdigkeit, geschw\u00e4chtes Immunsystem, fehlender Schwung. Um den \u00dcbergang in den Fr\u00fchling sanft zu begleiten, bietet Pharmalp ein Synergie-Pack an \u2013 entwickelt, um den Organismus zu unterst\u00fctzen, die nat\u00fcrlichen Abwehrkr\u00e4fte zu st\u00e4rken. Damit Sie den Fr\u00fchling in guter Form begr\u00fcssen.<\/p>\n<p data-start=\"745\" data-end=\"930\"><strong data-start=\"745\" data-end=\"755\">Ziele:<\/strong><br data-start=\"755\" data-end=\"758\" \/>\u2022 Den K\u00f6rper nach dem Winter st\u00e4rken<br data-start=\"816\" data-end=\"819\" \/>\u2022 Die nat\u00fcrlichen Abwehrkr\u00e4fte unterst\u00fctzen<br data-start=\"862\" data-end=\"865\" \/>\u2022 K\u00f6rperliche und mentale Energie beim Saisonwechsel unterst\u00fctzen<\/p>\n<p data-start=\"932\" data-end=\"1128\"><strong data-start=\"932\" data-end=\"954\"><a href=\"https:\/\/www.pharmalp.ch\/de\/produit\/pharmalp-defenses\/\">PHARMALP DEFENSES<\/a>:<\/strong> gezielte Unterst\u00fctzung des Immunsystems, das nach den kalten Monaten oft beansprucht ist.<br data-start=\"1044\" data-end=\"1047\" \/><strong data-start=\"1047\" data-end=\"1061\">Dosierung:<\/strong> 1 Kapsel\/Tag, 10 aufeinanderfolgende Tage pro Monat, \u00fcber 3 Monate<\/p>\n<p data-start=\"1130\" data-end=\"1317\"><strong data-start=\"1130\" data-end=\"1144\">Ideal f\u00fcr:<\/strong><br data-start=\"1144\" data-end=\"1147\" \/>\u2022 Vom Winter bis zum Fr\u00fchling fit bleiben<br data-start=\"1188\" data-end=\"1191\" \/>\u2022 Erholung nach Winter Infekten<br data-start=\"1243\" data-end=\"1246\" \/>\u2022 Personen, die oft m\u00fcde sind oder sensibel auf Saisonwechsel reagieren<\/p>\n<p data-start=\"1319\" data-end=\"1547\"><strong data-start=\"1319\" data-end=\"1338\"><a href=\"https:\/\/www.pharmalp.ch\/de\/produit\/pharmalp-boost\/\">PHARMALP BOOST<\/a>:<\/strong> der Energie-Impuls, um wieder durchzustarten, saisonale M\u00fcdigkeit \u2013 k\u00f6rperlich wie mental \u2013 zu begleiten und Motivation sowie Vitalit\u00e4t wiederzufinden.<br data-start=\"1490\" data-end=\"1493\" \/><strong data-start=\"1493\" data-end=\"1507\">Dosierung:<\/strong> 1 Tablette\/Tag morgens w\u00e4hrend 20 Tagen<\/p>\n<p data-start=\"1549\" data-end=\"1673\"><strong data-start=\"1549\" data-end=\"1563\">Ideal f\u00fcr:<\/strong><br data-start=\"1563\" data-end=\"1566\" \/>\u2022 Den Wiedereinstieg in Aktivit\u00e4ten im Fr\u00fchling<br data-start=\"1613\" data-end=\"1616\" \/>\u2022 Phasen mit weniger Energie, Stress oder hoher Belastung<\/p>\n<p data-start=\"1675\" data-end=\"1974\">Ein ganzheitlicher Ansatz, um den Organismus zu unterst\u00fctzen, das\u00a0<b>Immunsystem\u00a0<\/b>zu st\u00e4rken und den nat\u00fcrlichen Schwung wiederzufinden &#8211; genau dann, wenn der K\u00f6rper ihn am meisten braucht.<\/p>\n<p data-start=\"1675\" data-end=\"1974\"><br data-start=\"1865\" data-end=\"1868\" \/><strong data-start=\"1868\" data-end=\"1974\">Vitamin B1 tr\u00e4gt zu einem normalen Energiestoffwechsel und zu normalen psychologischen Funktionen bei.<\/strong><\/p>\n","protected":false},"excerpt":{"rendered":"<p>Erholungspaket<\/p>\n","protected":false},"featured_media":12368,"comment_status":"open","ping_status":"closed","template":"","meta":{"_acf_changed":false},"product_brand":[],"product_cat":[122],"product_tag":[],"class_list":{"0":"post-10564","1":"product","2":"type-product","3":"status-publish","4":"has-post-thumbnail","6":"product_cat-uncategorized-de","8":"first","9":"instock","10":"taxable","11":"shipping-taxable","12":"purchasable","13":"product-type-variable","14":"has-default-attributes"},"acf":[],"_links":{"self":[{"href":"https:\/\/www.pharmalp.ch\/de\/wp-json\/wp\/v2\/product\/10564","targetHints":{"allow":["GET"]}}],"collection":[{"href":"https:\/\/www.pharmalp.ch\/de\/wp-json\/wp\/v2\/product"}],"about":[{"href":"https:\/\/www.pharmalp.ch\/de\/wp-json\/wp\/v2\/types\/product"}],"replies":[{"embeddable":true,"href":"https:\/\/www.pharmalp.ch\/de\/wp-json\/wp\/v2\/comments?post=10564"}],"wp:featuredmedia":[{"embeddable":true,"href":"https:\/\/www.pharmalp.ch\/de\/wp-json\/wp\/v2\/media\/12368"}],"wp:attachment":[{"href":"https:\/\/www.pharmalp.ch\/de\/wp-json\/wp\/v2\/media?parent=10564"}],"wp:term":[{"taxonomy":"product_brand","embeddable":true,"href":"https:\/\/www.pharmalp.ch\/de\/wp-json\/wp\/v2\/product_brand?post=10564"},{"taxonomy":"product_cat","embeddable":true,"href":"https:\/\/www.pharmalp.ch\/de\/wp-json\/wp\/v2\/product_cat?post=10564"},{"taxonomy":"product_tag","embeddable":true,"href":"https:\/\/www.pharmalp.ch\/de\/wp-json\/wp\/v2\/product_tag?post=10564"}],"curies":[{"name":"wp","href":"https:\/\/api.w.org\/{rel}","templated":true}]}}