{"id":10547,"date":"2025-08-27T13:21:24","date_gmt":"2025-08-27T13:21:24","guid":{"rendered":"https:\/\/www.pharmalp.ch\/?post_type=product&#038;p=10547"},"modified":"2026-02-24T08:38:56","modified_gmt":"2026-02-24T08:38:56","slug":"schlaf-pack","status":"publish","type":"product","link":"https:\/\/www.pharmalp.ch\/de\/produit\/schlaf-pack\/","title":{"rendered":"Schlaf-Pack"},"content":{"rendered":"<p>Einschlafprobleme, n\u00e4chtliches Aufwachen, wenig erholsamer Schlaf \u2026<br \/>\nDas Pharmalp Schlaf-Pack wurde entwickelt, um ein nat\u00fcrliches Einschlafen zu unterst\u00fctzen, die Schlafqualit\u00e4t zu verbessern und dem K\u00f6rper zu helfen, sich Nacht f\u00fcr Nacht zu erholen.*<\/p>\n<p>&nbsp;<\/p>\n<p>Dank einer umfassenden Formel (Alpenpflanzen + Magnesium + Vitamin B6) unterst\u00fctzt <a href=\"https:\/\/www.pharmalp.ch\/de\/produit\/pharmalp-sleep\/\"><strong>PHARMALP SLEEP<\/strong> <\/a>den Organismus auf dem Weg zu einem tieferen und stabileren Schlaf \u2013 ohne Eingew\u00f6hnungszeit<\/p>\n<p>&nbsp;<\/p>\n<p><strong>Ideal f\u00fcr:<\/strong><br \/>\n\u2022 Personen, die M\u00fche haben einzuschlafen<br \/>\n\u2022 N\u00e4chtliches Aufwachen oder nicht erholsamen Schlaf<br \/>\n\u2022 Phasen von Stress, \u00dcberlastung oder angesammelter M\u00fcdigkeit<br \/>\n\u2022 Den Aufbau einer nachhaltigen Schlafroutine \u00fcber mehrere Wochen<\/p>\n<p>&nbsp;<\/p>\n<p><em>*Magnesium und Vitamin B6 tragen zu einer normalen Funktion des Nervensystems und zur Verringerung von M\u00fcdigkeit bei.<\/em><\/p>\n","protected":false},"excerpt":{"rendered":"<p>Schlaf-Pack<\/p>\n","protected":false},"featured_media":12255,"comment_status":"open","ping_status":"closed","template":"","meta":{"_acf_changed":false},"product_brand":[],"product_cat":[122],"product_tag":[],"class_list":{"0":"post-10547","1":"product","2":"type-product","3":"status-publish","4":"has-post-thumbnail","6":"product_cat-uncategorized-de","8":"first","9":"instock","10":"taxable","11":"shipping-taxable","12":"purchasable","13":"product-type-variable","14":"has-default-attributes"},"acf":[],"_links":{"self":[{"href":"https:\/\/www.pharmalp.ch\/de\/wp-json\/wp\/v2\/product\/10547","targetHints":{"allow":["GET"]}}],"collection":[{"href":"https:\/\/www.pharmalp.ch\/de\/wp-json\/wp\/v2\/product"}],"about":[{"href":"https:\/\/www.pharmalp.ch\/de\/wp-json\/wp\/v2\/types\/product"}],"replies":[{"embeddable":true,"href":"https:\/\/www.pharmalp.ch\/de\/wp-json\/wp\/v2\/comments?post=10547"}],"wp:featuredmedia":[{"embeddable":true,"href":"https:\/\/www.pharmalp.ch\/de\/wp-json\/wp\/v2\/media\/12255"}],"wp:attachment":[{"href":"https:\/\/www.pharmalp.ch\/de\/wp-json\/wp\/v2\/media?parent=10547"}],"wp:term":[{"taxonomy":"product_brand","embeddable":true,"href":"https:\/\/www.pharmalp.ch\/de\/wp-json\/wp\/v2\/product_brand?post=10547"},{"taxonomy":"product_cat","embeddable":true,"href":"https:\/\/www.pharmalp.ch\/de\/wp-json\/wp\/v2\/product_cat?post=10547"},{"taxonomy":"product_tag","embeddable":true,"href":"https:\/\/www.pharmalp.ch\/de\/wp-json\/wp\/v2\/product_tag?post=10547"}],"curies":[{"name":"wp","href":"https:\/\/api.w.org\/{rel}","templated":true}]}}